{"id":3204,"date":"2023-01-22T16:59:41","date_gmt":"2023-01-22T22:59:41","guid":{"rendered":"https:\/\/kermitmurray.com\/msblog\/?page_id=3204"},"modified":"2023-01-22T17:00:19","modified_gmt":"2023-01-22T23:00:19","slug":"science-journal","status":"publish","type":"page","link":"https:\/\/kermitmurray.com\/msblog\/links\/journal-feeds\/science-journals\/science-journal\/","title":{"rendered":"Science"},"content":{"rendered":"\n<div class=\"wp-block-caxton-grid relative\"><div class=\"absolute absolute--fill\"><div class=\"absolute absolute--fill cover bg-center\" style=\"background-color:;background-image:linear-gradient( );\"><\/div><div class=\"absolute absolute--fill\" style=\"background-color:;background-image:linear-gradient( );opacity:1;\"><\/div><\/div><div class=\"relative caxton-columns caxton-grid-block\" style=\"padding-top:0;padding-left:0;padding-bottom:0;padding-right:0;grid-template-columns:repeat(12, 1fr)\" data-tablet-css=\"padding-left:em;padding-right:em;\" data-mobile-css=\"padding-left:em;padding-right:em;\">\n<div class=\"wp-block-caxton-section relative\" style=\"grid-area:span 1\/span 8\"><div class=\"absolute absolute--fill\"><div class=\"absolute absolute--fill cover bg-center\" style=\"background-color:;background-image:linear-gradient( );\"><\/div><div class=\"absolute absolute--fill\" style=\"background-color:;background-image:linear-gradient( );opacity:1;\"><\/div><\/div><div class=\"relative caxton-section-block\" style=\"padding-top:5px;padding-left:5px;padding-bottom:5px;padding-right:5px\" data-mobile-css=\"padding-left:1em;padding-right:1em;\" data-tablet-css=\"padding-left:1em;padding-right:1em;\">\n<p><strong><a href=\"https:\/\/www.science.org\/\" target=\"_blank\" rel=\"noreferrer noopener\">Journal Home<\/a><\/strong><\/p>\n<\/div><\/div>\n\n\n\n<div class=\"wp-block-caxton-section relative\" style=\"grid-area:span 1\/span 4\"><div class=\"absolute absolute--fill\"><div class=\"absolute absolute--fill cover bg-center\" style=\"background-color:;background-image:linear-gradient( );\"><\/div><div class=\"absolute absolute--fill\" style=\"background-color:;background-image:linear-gradient( );opacity:1;\"><\/div><\/div><div class=\"relative caxton-section-block\" style=\"padding-top:5px;padding-left:5px;padding-bottom:5px;padding-right:5px\" data-mobile-css=\"padding-left:1em;padding-right:1em;\" data-tablet-css=\"padding-left:1em;padding-right:1em;\">\n<p><strong><a href=\"https:\/\/www.science.org\/action\/showFeed?type=etoc&amp;feed=rss&amp;jc=science\" target=\"_blank\" rel=\"noreferrer noopener\">RSS<\/a><\/strong><\/p>\n<\/div><\/div>\n<\/div><\/div>\n\n\n<ul class=\"has-dates has-authors has-excerpts wp-block-rss\"><li class='wp-block-rss__item'><div class='wp-block-rss__item-title'><a href='https:\/\/www.science.org\/doi\/abs\/10.1126\/science.aea1820?af=R'>Rapid directed evolution guided by protein language models and epistatic interactions<\/a><\/div><time datetime=\"2026-05-07T07:00:00-05:00\" class=\"wp-block-rss__item-publish-date\">May 7, 2026<\/time> <span class=\"wp-block-rss__item-author\">by Vincent Q. Tran, Matthew Nemeth, Liam J. Bartie, Sita S. Chandrasekaran, Alison Fanton, Hyungseok C. Moon, Brian L. Hie, Silvana Konermann, Patrick D. Hsu<\/span><div class=\"wp-block-rss__item-excerpt\">Science, Volume 392, Issue 6798, May 2026.<\/div><\/li><li class='wp-block-rss__item'><div class='wp-block-rss__item-title'><a href='https:\/\/www.science.org\/doi\/abs\/10.1126\/science.aea3321?af=R'>A molecule with half-M\u00f6bius topology<\/a><\/div><time datetime=\"2026-05-07T07:00:00-05:00\" class=\"wp-block-rss__item-publish-date\">May 7, 2026<\/time> <span class=\"wp-block-rss__item-author\">by Igor Ron\u010devi\u0107, Fabian Paschke, Yueze Gao, Leonard-Alexander Lieske, Lene A. G\u00f6dde, Stefano Barison, Samuele Piccinelli, Alberto Baiardi, Ivano Tavernelli, Jascha Repp, Florian Albrecht, Harry L. Anderson, Leo Gross<\/span><div class=\"wp-block-rss__item-excerpt\">Science, Volume 392, Issue 6798, May 2026.<\/div><\/li><li class='wp-block-rss__item'><div class='wp-block-rss__item-title'><a href='https:\/\/www.science.org\/doi\/abs\/10.1126\/science.adx4358?af=R'>Tuft dendrites in frontal motor cortex enable flexible learning<\/a><\/div><time datetime=\"2026-05-07T07:00:00-05:00\" class=\"wp-block-rss__item-publish-date\">May 7, 2026<\/time> <span class=\"wp-block-rss__item-author\">by Eduardo Maristany de las Casas, Kris Killmann, Moritz Dr\u00fcke, Lukas M\u00fcnster, Christian Ebner, Robert Sachdev, Dieter Jaeger, Matthew E. Larkum<\/span><div class=\"wp-block-rss__item-excerpt\">Science, Volume 392, Issue 6798, May 2026.<\/div><\/li><li class='wp-block-rss__item'><div class='wp-block-rss__item-title'><a href='https:\/\/www.science.org\/doi\/abs\/10.1126\/science.aei3444?af=R'>Erratum for the Report \u201cThe Antibacterial Lectin RegIII\u03b3 Promotes the Spatial Segregation of Microbiota and Host in the Intestine\u201d<\/a><\/div><time datetime=\"2026-05-07T07:00:00-05:00\" class=\"wp-block-rss__item-publish-date\">May 7, 2026<\/time> <div class=\"wp-block-rss__item-excerpt\">Science, Volume 392, Issue 6798, May 2026.<\/div><\/li><li class='wp-block-rss__item'><div class='wp-block-rss__item-title'><a href='https:\/\/www.science.org\/doi\/abs\/10.1126\/science.adx1893?af=R'>Intermetallic nanoassemblies potentiate systemic STING activation<\/a><\/div><time datetime=\"2026-05-07T07:00:00-05:00\" class=\"wp-block-rss__item-publish-date\">May 7, 2026<\/time> <span class=\"wp-block-rss__item-author\">by Xingwu Zhou, Xiang Ling, Xiaoqi Sun, Ziye Wan, Tobias Dwyer, Timothy C. Moore, Quguang Li, Hannah E. Dobson, Qi Wu, Xiangbo Kong, Fang Xie, Xinran An, Jingyao Gan, Kaikai Wang, Young Seok Cho, Wang Gong, Katherine Dong, Jie Zhang, Mariko Takahashi, Cheng Xu, Swetha Kodamasimham, Jie Xu, Vilma Yuzbasiyan-Gurkan, Steven B. Chinn, Anna Schwendeman, Sharon C. Glotzer, Yu Leo Lei, James J. Moon<\/span><div class=\"wp-block-rss__item-excerpt\">Science, Volume 392, Issue 6798, May 2026.<\/div><\/li><li class='wp-block-rss__item'><div class='wp-block-rss__item-title'><a href='https:\/\/www.science.org\/doi\/abs\/10.1126\/science.adw0288?af=R'>Human DHX29 detects nonoptimal codon usage to regulate mRNA stability<\/a><\/div><time datetime=\"2026-05-07T07:00:00-05:00\" class=\"wp-block-rss__item-publish-date\">May 7, 2026<\/time> <span class=\"wp-block-rss__item-author\">by Fabian Hia, Yitong Wu, Masanori Yoshinaga, Sakurako Goto-Ito, Wakana Iwasaki, Koshi Imami, Hirotaka Toh, Peixun Han, Ting Cai, Takayuki Ohira, Akira Fukao, Daron M. Standley, Yuichi Shichino, Masaki Takegawa, Toshinobu Fujiwara, Tsutomu Suzuki, Shintaro Iwasaki, Michael C. Bassik, Takuhiro Ito, Osamu Takeuchi<\/span><div class=\"wp-block-rss__item-excerpt\">Science, Volume 392, Issue 6798, May 2026.<\/div><\/li><li class='wp-block-rss__item'><div class='wp-block-rss__item-title'><a href='https:\/\/www.science.org\/doi\/abs\/10.1126\/science.adv3301?af=R'>Short RNA chaperones promote aggregation-resistant TDP-43 conformers to mitigate neurodegeneration<\/a><\/div><time datetime=\"2026-05-07T07:00:00-05:00\" class=\"wp-block-rss__item-publish-date\">May 7, 2026<\/time> <span class=\"wp-block-rss__item-author\">by Katie E. Copley, Jocelyn C. Mauna, Helen L. Danielson, Qizan Chen, Busra Ozguney, Marilyn Ngo, Longxin Xie, Ashleigh Smirnov, Matt Davis, Leland Mayne, Miriam Linsenmeier, Jack D. Rubien, Cristian A. Bergmann, Bede Portz, Bo Lim Lee, Hana M. Odeh, Longsheng Lai, Yi-Wei Chang, Martina Hallegger, Jernej Ule, Piera Pasinelli, Yan Poon, Jeetain Mittal, Nicolas L. Fawzi, Ben E. Black, Christopher J. Donnelly, Brigid K. Jensen, James Shorter<\/span><div class=\"wp-block-rss__item-excerpt\">Science, Volume 392, Issue 6798, May 2026.<\/div><\/li><li class='wp-block-rss__item'><div class='wp-block-rss__item-title'><a href='https:\/\/www.science.org\/doi\/abs\/10.1126\/science.aea8044?af=R'>Competitive reactivity drives size- and composition-focusing in multimetallic nanocrystals<\/a><\/div><time datetime=\"2026-05-07T07:00:00-05:00\" class=\"wp-block-rss__item-publish-date\">May 7, 2026<\/time> <span class=\"wp-block-rss__item-author\">by Jeesoo Yoon, Jinwon Oh, Dongjun Kim, Pin-Hung Chung, NaHyeon Hong, Jake Heinlein, Carlos Lizandara-Pueyo, Roel S. S\u00e1nchez-Carrera, Jungwon Park, Hee-Tae Jung, Matteo Cargnello<\/span><div class=\"wp-block-rss__item-excerpt\">Science, Volume 392, Issue 6798, May 2026.<\/div><\/li><li class='wp-block-rss__item'><div class='wp-block-rss__item-title'><a href='https:\/\/www.science.org\/doi\/abs\/10.1126\/science.aei6155?af=R'>Magic mushroom compound shows promise against cocaine addiction<\/a><\/div><time datetime=\"2026-05-07T06:00:09-05:00\" class=\"wp-block-rss__item-publish-date\">May 7, 2026<\/time> <span class=\"wp-block-rss__item-author\">by Rachel Nuwer<\/span><div class=\"wp-block-rss__item-excerpt\">Science, Volume 392, Issue 6798, Page 570-571, May 2026.<\/div><\/li><li class='wp-block-rss__item'><div class='wp-block-rss__item-title'><a href='https:\/\/www.science.org\/doi\/abs\/10.1126\/science.adq2411?af=R'>Ferrimagnetism of ultracold fermions in a multiband Hubbard system<\/a><\/div><time datetime=\"2026-05-07T06:00:09-05:00\" class=\"wp-block-rss__item-publish-date\">May 7, 2026<\/time> <span class=\"wp-block-rss__item-author\">by Martin Lebrat, Anant Kale, Lev Haldar Kendrick, Muqing Xu, Youqi Gang, Alexander Nikolaenko, Pietro M. Bonetti, Subir Sachdev, Markus Greiner<\/span><div class=\"wp-block-rss__item-excerpt\">Science, Volume 392, Issue 6798, Page 612-616, May 2026.<\/div><\/li><li class='wp-block-rss__item'><div class='wp-block-rss__item-title'><a href='https:\/\/www.science.org\/doi\/abs\/10.1126\/science.aeh5255?af=R'>Safeguard water infrastructure amid conflict<\/a><\/div><time datetime=\"2026-05-07T06:00:09-05:00\" class=\"wp-block-rss__item-publish-date\">May 7, 2026<\/time> <span class=\"wp-block-rss__item-author\">by Xue Xiao and Yichen Tao<\/span><div class=\"wp-block-rss__item-excerpt\">Science, Volume 392, Issue 6798, Page 587-587, May 2026.<\/div><\/li><li class='wp-block-rss__item'><div class='wp-block-rss__item-title'><a href='https:\/\/www.science.org\/doi\/abs\/10.1126\/science.aeh2866?af=R'>The future of plant extinction<\/a><\/div><time datetime=\"2026-05-07T06:00:09-05:00\" class=\"wp-block-rss__item-publish-date\">May 7, 2026<\/time> <span class=\"wp-block-rss__item-author\">by Rosa A. Scherson and Federico Luebert<\/span><div class=\"wp-block-rss__item-excerpt\">Science, Volume 392, Issue 6798, Page 581-582, May 2026.<\/div><\/li><li class='wp-block-rss__item'><div class='wp-block-rss__item-title'><a href='https:\/\/www.science.org\/doi\/abs\/10.1126\/science.aeh1396?af=R'>Building an oral peptide drug<\/a><\/div><time datetime=\"2026-05-07T06:00:09-05:00\" class=\"wp-block-rss__item-publish-date\">May 7, 2026<\/time> <span class=\"wp-block-rss__item-author\">by Rebecca Buller and Joelle N. Pelletier<\/span><div class=\"wp-block-rss__item-excerpt\">Science, Volume 392, Issue 6798, Page 582-583, May 2026.<\/div><\/li><li class='wp-block-rss__item'><div class='wp-block-rss__item-title'><a href='https:\/\/www.science.org\/doi\/abs\/10.1126\/science.aef6641?af=R'>Data-driven decisions in a fast-and-loose world<\/a><\/div><time datetime=\"2026-05-07T06:00:09-05:00\" class=\"wp-block-rss__item-publish-date\">May 7, 2026<\/time> <span class=\"wp-block-rss__item-author\">by Jonathan Wai<\/span><div class=\"wp-block-rss__item-excerpt\">Science, Volume 392, Issue 6798, Page 585-585, May 2026.<\/div><\/li><li class='wp-block-rss__item'><div class='wp-block-rss__item-title'><a href='https:\/\/www.science.org\/doi\/abs\/10.1126\/science.adz0773?af=R'>High risk of extinction across the flowering plant tree of life<\/a><\/div><time datetime=\"2026-05-07T06:00:09-05:00\" class=\"wp-block-rss__item-publish-date\">May 7, 2026<\/time> <span class=\"wp-block-rss__item-author\">by F\u00e9lix Forest, Ruth Brown, Sven Buerki, Jonathan F. Colville, Justin Moat, Eimear Nic Lughadha, Nisha R. Owen, Domitilla C. Raimondo, Malin Rivers, James Rosindell, Barnaby E. Walker, Steven P. Bachman, Sebastian Pipins, Rikki Gumbs, Matilda J. M. Brown<\/span><div class=\"wp-block-rss__item-excerpt\">Science, Volume 392, Issue 6798, Page 655-659, May 2026.<\/div><\/li><li class='wp-block-rss__item'><div class='wp-block-rss__item-title'><a href='https:\/\/www.science.org\/doi\/abs\/10.1126\/science.ady3237?af=R'>Dynamic segmentation of the Sagaing fault<\/a><\/div><time datetime=\"2026-05-07T06:00:09-05:00\" class=\"wp-block-rss__item-publish-date\">May 7, 2026<\/time> <span class=\"wp-block-rss__item-author\">by Mingqi Liu, Binhao Wang, Sezim E. Guvercin, Zhen Li, Teng Wang, Chuanjin Liu, Lingyun Ji, Sylvain Barbot<\/span><div class=\"wp-block-rss__item-excerpt\">Science, Volume 392, Issue 6798, Page 617-623, May 2026.<\/div><\/li><li class='wp-block-rss__item'><div class='wp-block-rss__item-title'><a href='https:\/\/www.science.org\/doi\/abs\/10.1126\/science.aei6153?af=R'>Chaotic whale rescue shocks marine biologists<\/a><\/div><time datetime=\"2026-05-07T06:00:09-05:00\" class=\"wp-block-rss__item-publish-date\">May 7, 2026<\/time> <span class=\"wp-block-rss__item-author\">by Martin Enserink<\/span><div class=\"wp-block-rss__item-excerpt\">Science, Volume 392, Issue 6798, Page 567-568, May 2026.<\/div><\/li><li class='wp-block-rss__item'><div class='wp-block-rss__item-title'><a href='https:\/\/www.science.org\/doi\/abs\/10.1126\/science.ady8732?af=R'>Aging and the narrowing of scientific innovation<\/a><\/div><time datetime=\"2026-05-07T06:00:09-05:00\" class=\"wp-block-rss__item-publish-date\">May 7, 2026<\/time> <span class=\"wp-block-rss__item-author\">by Haochuan Cui, Yiling Lin, Lingfei Wu, and James A. Evans<\/span><div class=\"wp-block-rss__item-excerpt\">Science, Volume 392, Issue 6798, Page 588-591, May 2026.<\/div><\/li><li class='wp-block-rss__item'><div class='wp-block-rss__item-title'><a href='https:\/\/www.science.org\/doi\/abs\/10.1126\/science.aea6463?af=R'>Wildfire damages and the cost-effective role of forest fuel treatments<\/a><\/div><time datetime=\"2026-05-07T06:00:09-05:00\" class=\"wp-block-rss__item-publish-date\">May 7, 2026<\/time> <span class=\"wp-block-rss__item-author\">by Frederik Strabo, Calvin Bryan, Matthew N. Reimer<\/span><div class=\"wp-block-rss__item-excerpt\">Science, Volume 392, Issue 6798, Page 629-635, May 2026.<\/div><\/li><li class='wp-block-rss__item'><div class='wp-block-rss__item-title'><a href='https:\/\/www.science.org\/doi\/abs\/10.1126\/science.adn6821?af=R'>Forecasting volcanic eruptions across scales<\/a><\/div><time datetime=\"2026-05-07T06:00:09-05:00\" class=\"wp-block-rss__item-publish-date\">May 7, 2026<\/time> <span class=\"wp-block-rss__item-author\">by Magn\u00fas T. Gudmundsson and Christopher J. Bean<\/span><div class=\"wp-block-rss__item-excerpt\">Science, Volume 392, Issue 6798, Page 578-579, May 2026.<\/div><\/li><\/ul>\n\n\n<hr class=\"wp-block-separator has-alpha-channel-opacity is-style-wide\"\/>\n\n\n\n<h4 class=\"wp-block-heading\">Related Journals<\/h4>\n\n\n<ul class=\"su-siblings\"><li class=\"page_item page-item-2846\"><a href=\"https:\/\/kermitmurray.com\/msblog\/links\/journal-feeds\/science-journals\/pnas\/\">Proceedings of the National Academy of Sciences<\/a><\/li>\n<\/ul>\n","protected":false},"excerpt":{"rendered":"<p>Related Journals<\/p>\n","protected":false},"author":1,"featured_media":3202,"parent":3201,"menu_order":0,"comment_status":"closed","ping_status":"closed","template":"","meta":{"footnotes":"","_links_to":"","_links_to_target":""},"class_list":["post-3204","page","type-page","status-publish","has-post-thumbnail","hentry","entry"],"_links":{"self":[{"href":"https:\/\/kermitmurray.com\/msblog\/wp-json\/wp\/v2\/pages\/3204","targetHints":{"allow":["GET"]}}],"collection":[{"href":"https:\/\/kermitmurray.com\/msblog\/wp-json\/wp\/v2\/pages"}],"about":[{"href":"https:\/\/kermitmurray.com\/msblog\/wp-json\/wp\/v2\/types\/page"}],"author":[{"embeddable":true,"href":"https:\/\/kermitmurray.com\/msblog\/wp-json\/wp\/v2\/users\/1"}],"replies":[{"embeddable":true,"href":"https:\/\/kermitmurray.com\/msblog\/wp-json\/wp\/v2\/comments?post=3204"}],"version-history":[{"count":3,"href":"https:\/\/kermitmurray.com\/msblog\/wp-json\/wp\/v2\/pages\/3204\/revisions"}],"predecessor-version":[{"id":3207,"href":"https:\/\/kermitmurray.com\/msblog\/wp-json\/wp\/v2\/pages\/3204\/revisions\/3207"}],"up":[{"embeddable":true,"href":"https:\/\/kermitmurray.com\/msblog\/wp-json\/wp\/v2\/pages\/3201"}],"wp:featuredmedia":[{"embeddable":true,"href":"https:\/\/kermitmurray.com\/msblog\/wp-json\/wp\/v2\/media\/3202"}],"wp:attachment":[{"href":"https:\/\/kermitmurray.com\/msblog\/wp-json\/wp\/v2\/media?parent=3204"}],"curies":[{"name":"wp","href":"https:\/\/api.w.org\/{rel}","templated":true}]}}