{"id":3062,"date":"2023-01-15T14:08:05","date_gmt":"2023-01-15T20:08:05","guid":{"rendered":"https:\/\/kermitmurray.com\/msblog\/?page_id=3062"},"modified":"2023-01-15T14:08:05","modified_gmt":"2023-01-15T20:08:05","slug":"mastodon-kkmurray-rss","status":"publish","type":"page","link":"https:\/\/kermitmurray.com\/msblog\/links\/social-feeds\/mastodon-feeds\/mastodon-kkmurray-rss\/","title":{"rendered":"Mastodon kkmurray RSS"},"content":{"rendered":"\n<div class=\"wp-block-caxton-grid relative\"><div class=\"absolute absolute--fill\"><div class=\"absolute absolute--fill cover bg-center\" style=\"background-color:;background-image:linear-gradient( );\"><\/div><div class=\"absolute absolute--fill\" style=\"background-color:;background-image:linear-gradient( );opacity:1;\"><\/div><\/div><div class=\"relative caxton-columns caxton-grid-block\" style=\"padding-top:0;padding-left:0;padding-bottom:0;padding-right:0;grid-template-columns:repeat(12, 1fr)\" data-tablet-css=\"padding-left:em;padding-right:em;\" data-mobile-css=\"padding-left:em;padding-right:em;\">\n<div class=\"wp-block-caxton-section relative\" style=\"grid-area:span 1\/span 8\"><div class=\"absolute absolute--fill\"><div class=\"absolute absolute--fill cover bg-center\" style=\"background-color:;background-image:linear-gradient( );\"><\/div><div class=\"absolute absolute--fill\" style=\"background-color:;background-image:linear-gradient( );opacity:1;\"><\/div><\/div><div class=\"relative caxton-section-block\" style=\"padding-top:5px;padding-left:5px;padding-bottom:5px;padding-right:5px\" data-mobile-css=\"padding-left:1em;padding-right:1em;\" data-tablet-css=\"padding-left:1em;padding-right:1em;\">\n<p><a href=\"https:\/\/techhub.social\/@kkmurray\" target=\"_blank\" rel=\"noreferrer noopener\"><strong>@kkmurray@techhub.social<\/strong><\/a><\/p>\n<\/div><\/div>\n\n\n\n<div class=\"wp-block-caxton-section relative\" style=\"grid-area:span 1\/span 4\"><div class=\"absolute absolute--fill\"><div class=\"absolute absolute--fill cover bg-center\" style=\"background-color:;background-image:linear-gradient( );\"><\/div><div class=\"absolute absolute--fill\" style=\"background-color:;background-image:linear-gradient( );opacity:1;\"><\/div><\/div><div class=\"relative caxton-section-block\" style=\"padding-top:5px;padding-left:5px;padding-bottom:5px;padding-right:5px\" data-mobile-css=\"padding-left:1em;padding-right:1em;\" data-tablet-css=\"padding-left:1em;padding-right:1em;\">\n<p><strong><a href=\"https:\/\/techhub.social\/@kkmurray.rss\" target=\"_blank\" rel=\"noreferrer noopener\">RSS<\/a><\/strong><\/p>\n<\/div><\/div>\n<\/div><\/div>\n\n\n<ul class=\"has-dates has-authors has-excerpts wp-block-rss\"><li class='wp-block-rss__item'><div class='wp-block-rss__item-title'><a href='https:\/\/techhub.social\/@kkmurray\/116566294282341494'>(no title)<\/a><\/div><time datetime=\"2026-05-13T08:21:36-05:00\" class=\"wp-block-rss__item-publish-date\">May 13, 2026<\/time> <div class=\"wp-block-rss__item-excerpt\">(RSS) (BioRxiv All) ProCAST: A Bioinformatics Suite for Mass Spectrometry-Based Protein Corona Proteomics Analysis: When nanoparticles are exposed to biological fluids, they spontaneously adsorb proteins, forming a protein corona that defines their biological identity and dictates cellular uptake, biodistribution, and toxicity. Characterizing protein coronas includes using proteomics approaches (e.g., LC-MS\/MS) to identify proteins and generate vast\u2026 https:\/\/www.biorxiv.org\/content\/10.64898\/2026.05.08.723620v1?rss=1&amp;utm_source=dlvr.it&amp;utm_medium=mastodon #BioRxiv #MassSpecRSS<\/div><\/li><li class='wp-block-rss__item'><div class='wp-block-rss__item-title'><a href='https:\/\/techhub.social\/@kkmurray\/116565932484437872'>(no title)<\/a><\/div><time datetime=\"2026-05-13T06:49:35-05:00\" class=\"wp-block-rss__item-publish-date\">May 13, 2026<\/time> <div class=\"wp-block-rss__item-excerpt\">(RSS) (BioRxiv All) Post-translational modification fidelity of recombinant human lactopontin expressed in Kluyveromyces lactis: Recombinant human lactopontin (rhLPN), an equivalent of human milk lactopontin, is of increasing interest for human nutrition applications due to its roles in mineral binding, gastrointestinal function and immune modulation. These properties depend strongly on post-translational modifications, particularly phosphorylation\u2026 https:\/\/www.biorxiv.org\/content\/10.64898\/2026.05.12.724256v1?rss=1&amp;utm_source=dlvr.it&amp;utm_medium=mastodon #BioRxiv #MassSpecRSS<\/div><\/li><li class='wp-block-rss__item'><div class='wp-block-rss__item-title'><a href='https:\/\/techhub.social\/@kkmurray\/116565468400904962'>(no title)<\/a><\/div><time datetime=\"2026-05-13T04:51:34-05:00\" class=\"wp-block-rss__item-publish-date\">May 13, 2026<\/time> <div class=\"wp-block-rss__item-excerpt\">(RSS) (BioRxiv All) MicrobeMS &#8211; A MATLAB Toolbox for Microbial Identification Based on Mass Spectrometry: Over the last two decades, matrix-assisted laser desorption\/ionization time-of-flight mass spectrometry (MALDI-ToF MS) has become the standard method for identifying bacteria and has found a wide range of applications, especially in clinical microbiology. The method&#039;s high taxonomic resolution, minimal sample preparation, and complete,\u2026 https:\/\/www.biorxiv.org\/content\/10.64898\/2026.05.08.723807v1?rss=1&amp;utm_source=dlvr.it&amp;utm_medium=mastodon #BioRxiv #MassSpecRSS<\/div><\/li><li class='wp-block-rss__item'><div class='wp-block-rss__item-title'><a href='https:\/\/techhub.social\/@kkmurray\/116564106675791721'>(no title)<\/a><\/div><time datetime=\"2026-05-12T23:05:16-05:00\" class=\"wp-block-rss__item-publish-date\">May 12, 2026<\/time> <div class=\"wp-block-rss__item-excerpt\">(RSS) (J Am Chem Soc) [ASAP] A Broadly Accessible Approach to Elucidate the Carbon\u2013Carbon Double Bond Position in Unsaturated Lipids by a Post-column In-Line Photochemical Reaction and Mass Spectrometry: Journal of the American Chemical SocietyDOI: 10.1021\/jacs.6c01876 http:\/\/dx.doi.org\/10.1021\/jacs.6c01876?utm_source=dlvr.it&amp;utm_medium=mastodon #JAmChemSoc #MassSpecRSS<\/div><\/li><li class='wp-block-rss__item'><div class='wp-block-rss__item-title'><a href='https:\/\/techhub.social\/@kkmurray\/116564005836385868'>(no title)<\/a><\/div><time datetime=\"2026-05-12T22:39:37-05:00\" class=\"wp-block-rss__item-publish-date\">May 12, 2026<\/time> <div class=\"wp-block-rss__item-excerpt\">(RSS) (Proteom Res News) TIMSTOF Ultra2 after 1 year &#8211; still incredible when it works!: \u00a0I received some questions about my longer term impressions of the amazingly sensitive and somewhat fast TIMSTOF Ultra2.\u00a0It&#039;s been a year already? Yikes. I guess I&#039;ll reference my earlier TIMSTOF reviews.Great stuff!1) The sensitivity of this thing is still absolutely unreal. Multiple people are writing up papers on single cells ran on it\u2026 https:\/\/proteomicsnews.blogspot.com\/2026\/05\/timstof-ultra2-after-1-year-still.html?utm_source=dlvr.it&amp;utm_medium=mastodon (\/Proteom Res News) #proteomics<\/div><\/li><li class='wp-block-rss__item'><div class='wp-block-rss__item-title'><a href='https:\/\/techhub.social\/@kkmurray\/116563702939118935'>(no title)<\/a><\/div><time datetime=\"2026-05-12T21:22:35-05:00\" class=\"wp-block-rss__item-publish-date\">May 12, 2026<\/time> <div class=\"wp-block-rss__item-excerpt\">(RSS) (J Proteom) Standardizing tear proteomics preanalytics: Capillary vs Schirmer sampling and denaturing vs mild elution buffers shape proteome depth and abundance profiles: Publication date: Available online 12 May 2026Source: Journal of ProteomicsAuthor(s): Isabel Cerro-Pardo, Amaiur Mendizabal, Mikel Azkargorta, F\u00e9lix Elortza, I\u00f1aki Rodr\u00edguez-Agirretxe, Arantxa Acera https:\/\/www.sciencedirect.com\/science\/article\/pii\/S1874391926000813?dgcid=rss_sd_all&amp;utm_source=dlvr.it&amp;utm_medium=mastodon #MassSpecRSS<\/div><\/li><li class='wp-block-rss__item'><div class='wp-block-rss__item-title'><a href='https:\/\/techhub.social\/@kkmurray\/116563423717982490'>(no title)<\/a><\/div><time datetime=\"2026-05-12T20:11:34-05:00\" class=\"wp-block-rss__item-publish-date\">May 12, 2026<\/time> <div class=\"wp-block-rss__item-excerpt\">(RSS) (BioRxiv All) Gluconeogenesis and glycogen metabolism in the epidermis and endoderm of Xenopus tropicalis embryos and larvae.: In many oviparous animals, egg yolk is the sole source of nutrition until feeding begins, and carbohydrates are present in only small amounts in the yolk. Glucose plays an important role in the developmental processes of various animals. In addition, gluconeogenesis has been reported to occur in the yolk syncytial\u2026 https:\/\/www.biorxiv.org\/content\/10.64898\/2026.05.08.723674v1?rss=1&amp;utm_source=dlvr.it&amp;utm_medium=mastodon #BioRxiv #MassSpecRSS<\/div><\/li><li class='wp-block-rss__item'><div class='wp-block-rss__item-title'><a href='https:\/\/techhub.social\/@kkmurray\/116563084089621584'>(no title)<\/a><\/div><time datetime=\"2026-05-12T18:45:12-05:00\" class=\"wp-block-rss__item-publish-date\">May 12, 2026<\/time> <div class=\"wp-block-rss__item-excerpt\">(RSS) (ACS Anal Chem) [ASAP] Reverse-Flow Engineering of a Liquid Microjunction Surface Sampling Probe for Ambient Ionization Mass Spectrometry Using Computational Fluid Dynamics: Analytical ChemistryDOI: 10.1021\/acs.analchem.6c00933 http:\/\/dx.doi.org\/10.1021\/acs.analchem.6c00933?utm_source=dlvr.it&amp;utm_medium=mastodon #MassSpecRSS #ACSAChem<\/div><\/li><li class='wp-block-rss__item'><div class='wp-block-rss__item-title'><a href='https:\/\/techhub.social\/@kkmurray\/116562954865802548'>(no title)<\/a><\/div><time datetime=\"2026-05-12T18:12:20-05:00\" class=\"wp-block-rss__item-publish-date\">May 12, 2026<\/time> <div class=\"wp-block-rss__item-excerpt\">(RSS) (J Sep Sci) Design, Fabrication, and Application of a Chiral Cyclodextrin Stationary Phase for Enantiomeric Separation and Analysis: ABSTRACTCyclodextrin-based chiral stationary phases (CSPs) have attracted considerable interest in the field of enantiomeric separation due to their chiral recognition properties. However, the design and preparation of cyclodextrin-based CSPs with satisfactory application prospects are necessary for further\u2026 https:\/\/analyticalsciencejournals.onlinelibrary.wiley.com\/doi\/10.1002\/jssc.70444?af=R&amp;utm_source=dlvr.it&amp;utm_medium=mastodon #JSepSci #MassSpecRSS<\/div><\/li><li class='wp-block-rss__item'><div class='wp-block-rss__item-title'><a href='https:\/\/techhub.social\/@kkmurray\/116562676701028848'>(no title)<\/a><\/div><time datetime=\"2026-05-12T17:01:36-05:00\" class=\"wp-block-rss__item-publish-date\">May 12, 2026<\/time> <div class=\"wp-block-rss__item-excerpt\">(RSS) (J Sep Sci) Systematic Analysis of Chemical Constituents in Shenzhuo Decoction Based on Iterative Ultra\u2010High Performance Liquid Chromatography Coupled With Quadrupole Time\u2010of\u2010Flight Tandem Mass Spectrometry and Multidimensional Data Annotation: ABSTRACTShenzhuo Decoction (SZT), a classical traditional Chinese medicine (TCM) formula from Synopsis of the Golden Chamber (Jinkui Yaolue), demonstrates clinical efficacy in treating ankylosing\u2026 https:\/\/analyticalsciencejournals.onlinelibrary.wiley.com\/doi\/10.1002\/jssc.70446?af=R&amp;utm_source=dlvr.it&amp;utm_medium=mastodon #JSepSci #MassSpecRSS<\/div><\/li><li class='wp-block-rss__item'><div class='wp-block-rss__item-title'><a href='https:\/\/techhub.social\/@kkmurray\/116562475092918981'>(no title)<\/a><\/div><time datetime=\"2026-05-12T16:10:20-05:00\" class=\"wp-block-rss__item-publish-date\">May 12, 2026<\/time> <div class=\"wp-block-rss__item-excerpt\">(RSS) (J Sep Sci) Volatilomic Differentiation of Protected\u2010Origin Italian Balsamic Vinegars by HS\u2010SPME\u2010GC\u00d7GC\u2010TOFMS: ABSTRACTBalsamic vinegars produced under Protected Designation of Origin (PDO) and Protected Geographical Indication (PGI) schemes differ substantially in raw materials, processing intensity, and aging regimes. Although these differences are expected to shape their volatile composition, a comprehensive chemical characterization\u2026 https:\/\/analyticalsciencejournals.onlinelibrary.wiley.com\/doi\/10.1002\/jssc.70442?af=R&amp;utm_source=dlvr.it&amp;utm_medium=mastodon #JSepSci #MassSpecRSS<\/div><\/li><li class='wp-block-rss__item'><div class='wp-block-rss__item-title'><a href='https:\/\/techhub.social\/@kkmurray\/116562279764521861'>(no title)<\/a><\/div><time datetime=\"2026-05-12T15:20:39-05:00\" class=\"wp-block-rss__item-publish-date\">May 12, 2026<\/time> <div class=\"wp-block-rss__item-excerpt\">(RSS) (J Sep Sci) Establishment of Non\u2010Target Screening and Quantitative Analysis Strategy Based on UHPLC Coupled With Orbitrap Exploris 240 and QqQ Mass Spectrometry to Improve the Quality Control of Ziyu Ointment: ABSTRACTZiyu ointment (ZYO) is a commonly used, approved ingredient in traditional Chinese medicine (TCM) medication for treating superficial swelling and ulcers. However, due to limited methodologies, more accurate and selective\u2026 https:\/\/analyticalsciencejournals.onlinelibrary.wiley.com\/doi\/10.1002\/jssc.70437?af=R&amp;utm_source=dlvr.it&amp;utm_medium=mastodon #JSepSci #MassSpecRSS<\/div><\/li><\/ul>\n\n\n<hr class=\"wp-block-separator has-alpha-channel-opacity is-style-wide\"\/>\n\n\n\n<h4 class=\"wp-block-heading\">Related Feeds<\/h4>\n\n\n<ul class=\"su-siblings\"><li class=\"page_item page-item-2712\"><a href=\"https:\/\/kermitmurray.com\/msblog\/links\/social-feeds\/mastodon-feeds\/mastodon-chemistry\/\">Mastodon Chemistry<\/a><\/li>\n<li class=\"page_item page-item-3092\"><a href=\"https:\/\/kermitmurray.com\/msblog\/links\/social-feeds\/mastodon-feeds\/mastodon-kkmurray\/\">Mastodon kkmurray<\/a><\/li>\n<li class=\"page_item page-item-2717\"><a href=\"https:\/\/kermitmurray.com\/msblog\/links\/social-feeds\/mastodon-feeds\/mastodon-lipidomics\/\">Mastodon Lipidomics<\/a><\/li>\n<li class=\"page_item page-item-2471\"><a href=\"https:\/\/kermitmurray.com\/msblog\/links\/social-feeds\/mastodon-feeds\/mastodon-ms\/\">Mastodon Mass Spectrometry<\/a><\/li>\n<li class=\"page_item page-item-2710\"><a href=\"https:\/\/kermitmurray.com\/msblog\/links\/social-feeds\/mastodon-feeds\/mastodon-metabolomics\/\">Mastodon Metabolomics<\/a><\/li>\n<li class=\"page_item page-item-2714\"><a href=\"https:\/\/kermitmurray.com\/msblog\/links\/social-feeds\/mastodon-feeds\/mastodon-physics\/\">Mastodon Physics<\/a><\/li>\n<li class=\"page_item page-item-2699\"><a href=\"https:\/\/kermitmurray.com\/msblog\/links\/social-feeds\/mastodon-feeds\/mastodon-proteomics\/\">Mastodon Proteomics<\/a><\/li>\n<li class=\"page_item page-item-2719\"><a href=\"https:\/\/kermitmurray.com\/msblog\/links\/social-feeds\/mastodon-feeds\/mastodon-spectroscopy\/\">Mastodon Spectroscopy<\/a><\/li>\n<\/ul>\n","protected":false},"excerpt":{"rendered":"<p>Related Feeds<\/p>\n","protected":false},"author":1,"featured_media":2502,"parent":2748,"menu_order":0,"comment_status":"closed","ping_status":"closed","template":"","meta":{"footnotes":"","_links_to":"","_links_to_target":""},"class_list":["post-3062","page","type-page","status-publish","has-post-thumbnail","hentry","entry"],"_links":{"self":[{"href":"https:\/\/kermitmurray.com\/msblog\/wp-json\/wp\/v2\/pages\/3062","targetHints":{"allow":["GET"]}}],"collection":[{"href":"https:\/\/kermitmurray.com\/msblog\/wp-json\/wp\/v2\/pages"}],"about":[{"href":"https:\/\/kermitmurray.com\/msblog\/wp-json\/wp\/v2\/types\/page"}],"author":[{"embeddable":true,"href":"https:\/\/kermitmurray.com\/msblog\/wp-json\/wp\/v2\/users\/1"}],"replies":[{"embeddable":true,"href":"https:\/\/kermitmurray.com\/msblog\/wp-json\/wp\/v2\/comments?post=3062"}],"version-history":[{"count":2,"href":"https:\/\/kermitmurray.com\/msblog\/wp-json\/wp\/v2\/pages\/3062\/revisions"}],"predecessor-version":[{"id":3064,"href":"https:\/\/kermitmurray.com\/msblog\/wp-json\/wp\/v2\/pages\/3062\/revisions\/3064"}],"up":[{"embeddable":true,"href":"https:\/\/kermitmurray.com\/msblog\/wp-json\/wp\/v2\/pages\/2748"}],"wp:featuredmedia":[{"embeddable":true,"href":"https:\/\/kermitmurray.com\/msblog\/wp-json\/wp\/v2\/media\/2502"}],"wp:attachment":[{"href":"https:\/\/kermitmurray.com\/msblog\/wp-json\/wp\/v2\/media?parent=3062"}],"curies":[{"name":"wp","href":"https:\/\/api.w.org\/{rel}","templated":true}]}}