{"id":1678,"date":"2019-06-28T20:37:51","date_gmt":"2019-06-29T01:37:51","guid":{"rendered":"http:\/\/kermitmurray.com\/msblog\/?page_id=1678"},"modified":"2019-07-02T14:50:50","modified_gmt":"2019-07-02T19:50:50","slug":"mass-spectrometry-societies","status":"publish","type":"page","link":"https:\/\/kermitmurray.com\/msblog\/mass-spectrometry-societies\/","title":{"rendered":"Societies"},"content":{"rendered":"\n<div class=\"wp-block-caxton-grid relative\"><div class=\"absolute absolute--fill\"><div class=\"cover bg-center absolute absolute--fill\" style=\"background-color:;background-image:linear-gradient( );\"><\/div><div class=\"absolute absolute--fill\" style=\"background-color:;background-image:linear-gradient( );opacity:1;\"><\/div><\/div><div class=\"relative caxton-columns caxton-grid-block\" style=\"padding-top:0;padding-left:0;padding-bottom:0;padding-right:0;grid-template-columns:repeat(12, 1fr)\" data-tablet-css=\"padding-left:em;padding-right:em;\" data-mobile-css=\"padding-left:em;padding-right:em;\">\n<div class=\"wp-block-caxton-section relative\" style=\"grid-area:span 1\/span 12\"><div class=\"absolute absolute--fill\"><div class=\"cover bg-center absolute absolute--fill\" style=\"background-color:;background-image:linear-gradient( );\"><\/div><div class=\"absolute absolute--fill\" style=\"background-color:;background-image:linear-gradient( );opacity:1;\"><\/div><\/div><div class=\"relative caxton-section-block\" style=\"padding-top:5px;padding-left:5px;padding-bottom:5px;padding-right:5px\" data-mobile-css=\"padding-left:1em;padding-right:1em;\" data-tablet-css=\"padding-left:1em;padding-right:1em;\">\n<p style=\"font-size:32px\">Mass Spectrometry Societies<\/p>\n\n\n\n<ul class=\"wp-block-list\"><li><a href=\"http:\/\/asms.org\/\">American Society for Mass Spectrometry<\/a><\/li><li><a href=\"http:\/\/saemcaem.qo.fcen.uba.ar\/\">Sociedad Argentina de Espectrometr\u00eda de Masa<\/a><\/li><li><a href=\"http:\/\/www.anzsms.org\/\">Australian and New Zealand Society for Mass Spectrometry<\/a><\/li><li><a href=\"http:\/\/www.bsms.be\/\">Belgian Society for Mass Spectrometry<\/a><\/li><li><a href=\"http:\/\/www.bmss.org.uk\/\">British Mass Spectrometry Society<\/a><\/li><li><a href=\"http:\/\/www.brmass.com\/\">Sociedade Brasileira de Espectrometria de Massas<\/a><\/li><li><a href=\"http:\/\/www.bmb.leeds.ac.uk\/esms\/\">European Society for Mass Spectrometry<\/a><\/li><li><a href=\"http:\/\/www.fmss.fi\/\">Finnish Mass Spectrometry Society<\/a><\/li><li><a href=\"http:\/\/www.sfsm.fr\/\">Soci\u00e9t\u00e9 Fran\u00e7aise de Spectrom\u00e9trie de Masse<\/a><\/li><li><a href=\"https:\/\/dgms.eu\/\">German Society for Mass Spectrometry<\/a><\/li><li><a href=\"http:\/\/www.hmss.gr\/\">Hellenic Mass Spectrometry Society<\/a><\/li><li><a href=\"http:\/\/www.hksms.org\/\">Hong Kong Society of Mass Spectrometry<\/a><\/li><li><a href=\"https:\/\/www.imagingmssociety.org\/\">Imaging Mass Spectrometry Society<\/a><\/li><li><a href=\"http:\/\/www.ismas.org\/\">Indian Society for Mass Spectrometry<\/a><\/li><li><a href=\"https:\/\/www.imss.nl\/\">International Mass Spectrometry Foundation<\/a><\/li><li><a href=\"http:\/\/www.imss.ie\/\">Irish Mass Spectrometry Society<\/a><\/li><li><a href=\"http:\/\/www.weizmann.ac.il\/ISMS\/\">Israeli Society for Mass Spectrometry<\/a><\/li><li><a href=\"http:\/\/www.imass.it\/\">Italian Mass Spectrometry Society<\/a><\/li><li><a href=\"http:\/\/www.mssj.jp\/index_en.html\">Mass Spectrometry Society of Japan<\/a><\/li><li><a href=\"http:\/\/www.ksms.org\/\">Korean Society for Mass Spectrometry<\/a><\/li><li><a href=\"http:\/\/www.nsms.no\/\">Norwegian Society for Mass Spectrometry<\/a><\/li><li><a href=\"http:\/\/www.sgms.ch\/\">Swiss Group for Mass Spectrometry<\/a><\/li><li><a href=\"http:\/\/www.vmso.ru\/en\/\">Russian Society for Mass Spectrometry<\/a><\/li><li><a href=\"https:\/\/www.ssms.org.sg\/\">Singapore Society for Mass Spectrometry<\/a><\/li><li><a href=\"http:\/\/www.saams.org.za\/\">South African Association for Mass Spectrometry<\/a><\/li><li><a href=\"http:\/\/www.tsms.org.tw\/\">Taiwan Society for Mass Spectrometry<\/a><\/li><\/ul>\n\n\n\n<p style=\"font-size:32px\">Mass Spectrometry Discussion Groups<\/p>\n\n\n\n<ul class=\"wp-block-list\"><li><a href=\"https:\/\/www.asms.org\/member-center\/discussion-groups\">ASMS Discussion Group List<\/a><\/li><li><a href=\"https:\/\/aamsdg.org\/\">Atlanta-Athens MSDG<\/a><\/li><li><a href=\"https:\/\/www.bams.org\/\">Bay Area MSDG<\/a><\/li><li><a href=\"http:\/\/www.cmsdg.org\/\">Chicago MSDG<\/a><\/li><li><a href=\"http:\/\/www.cbmss.org\/\">Colorado Biological MS Society<\/a><\/li><li><a href=\"http:\/\/www.ctmsdg.org\/\">Connecticut MSDG<\/a><\/li><li><a href=\"http:\/\/science.widener.edu\/svb\/msdg\/\">Delaware Valley MSDG<\/a><\/li><li><a href=\"http:\/\/www.gbmsdg.org\/\">Greater Boston MSDG<\/a><\/li><li><a href=\"http:\/\/www.lamms.org\/\">Los Angeles Metropolitan MSDG<\/a><\/li><li><a href=\"http:\/\/msr.dom.wustl.edu\/midwest-mass-spectrometry-discussion-group\/\">Midwest MSDG<\/a><\/li><li><a href=\"http:\/\/minnmass.org\/\">MinMass Discussion Group<\/a><\/li><li><a href=\"http:\/\/mmsdg.iric.ca\/\">Montreal MSDG<\/a><\/li><li><a href=\"http:\/\/www.njacs.org\/topical-groups\/mass-spectrometry\">North Jersey MSDG<\/a><\/li><li><a href=\"http:\/\/www.pacmass.org\/\">Pacific Northwest MSDG<\/a><\/li><li><a href=\"http:\/\/tamsgroup.org\/\">Triangle Area MSDG<\/a><\/li><li><a href=\"http:\/\/wbmsdg.org\/wordpress\/\">Washington-Baltimore MSDG<\/a><\/li><\/ul>\n<\/div><\/div>\n<\/div><\/div>\n","protected":false},"excerpt":{"rendered":"","protected":false},"author":1,"featured_media":1901,"parent":0,"menu_order":0,"comment_status":"closed","ping_status":"closed","template":"","meta":{"footnotes":"","_links_to":"","_links_to_target":""},"class_list":["post-1678","page","type-page","status-publish","has-post-thumbnail","hentry","entry"],"_links":{"self":[{"href":"https:\/\/kermitmurray.com\/msblog\/wp-json\/wp\/v2\/pages\/1678","targetHints":{"allow":["GET"]}}],"collection":[{"href":"https:\/\/kermitmurray.com\/msblog\/wp-json\/wp\/v2\/pages"}],"about":[{"href":"https:\/\/kermitmurray.com\/msblog\/wp-json\/wp\/v2\/types\/page"}],"author":[{"embeddable":true,"href":"https:\/\/kermitmurray.com\/msblog\/wp-json\/wp\/v2\/users\/1"}],"replies":[{"embeddable":true,"href":"https:\/\/kermitmurray.com\/msblog\/wp-json\/wp\/v2\/comments?post=1678"}],"version-history":[{"count":7,"href":"https:\/\/kermitmurray.com\/msblog\/wp-json\/wp\/v2\/pages\/1678\/revisions"}],"predecessor-version":[{"id":2131,"href":"https:\/\/kermitmurray.com\/msblog\/wp-json\/wp\/v2\/pages\/1678\/revisions\/2131"}],"wp:featuredmedia":[{"embeddable":true,"href":"https:\/\/kermitmurray.com\/msblog\/wp-json\/wp\/v2\/media\/1901"}],"wp:attachment":[{"href":"https:\/\/kermitmurray.com\/msblog\/wp-json\/wp\/v2\/media?parent=1678"}],"curies":[{"name":"wp","href":"https:\/\/api.w.org\/{rel}","templated":true}]}}