{"id":1557,"date":"2017-07-25T07:26:11","date_gmt":"2017-07-25T12:26:11","guid":{"rendered":"http:\/\/mass-spec.lsu.edu\/blog\/?page_id=1557"},"modified":"2025-08-22T16:47:14","modified_gmt":"2025-08-22T21:47:14","slug":"1557-2","status":"publish","type":"page","link":"https:\/\/kermitmurray.com\/msblog\/links\/journal-feeds\/mass-spectrometry-journals\/1557-2\/","title":{"rendered":"Journal of the American Society for Mass Spectrometry"},"content":{"rendered":"\n<div class=\"wp-block-caxton-grid relative\"><div class=\"absolute absolute--fill\"><div class=\"absolute absolute--fill cover bg-center\" style=\"background-color:;background-image:linear-gradient( );\"><\/div><div class=\"absolute absolute--fill\" style=\"background-color:;background-image:linear-gradient( );opacity:1;\"><\/div><\/div><div class=\"relative caxton-columns caxton-grid-block\" style=\"padding-top:0;padding-left:0;padding-bottom:0;padding-right:0;grid-template-columns:repeat(12, 1fr)\" data-tablet-css=\"padding-left:em;padding-right:em;\" data-mobile-css=\"padding-left:em;padding-right:em;\">\n<div class=\"wp-block-caxton-section relative\" style=\"grid-area:span 1\/span 8\"><div class=\"absolute absolute--fill\"><div class=\"absolute absolute--fill cover bg-center\" style=\"background-color:;background-image:linear-gradient( );\"><\/div><div class=\"absolute absolute--fill\" style=\"background-color:;background-image:linear-gradient( );opacity:1;\"><\/div><\/div><div class=\"relative caxton-section-block\" style=\"padding-top:5px;padding-left:5px;padding-bottom:5px;padding-right:5px\" data-mobile-css=\"padding-left:1em;padding-right:1em;\" data-tablet-css=\"padding-left:1em;padding-right:1em;\">\n<p class=\"has-text-align-center\"><strong><a href=\"https:\/\/www.asms.org\/publications\/journal-of-the-american-society-for-mass-spectrometry-group\">Journal Home<\/a><\/strong><\/p>\n<\/div><\/div>\n\n\n\n<div class=\"wp-block-caxton-section relative\" style=\"grid-area:span 1\/span 4\"><div class=\"absolute absolute--fill\"><div class=\"absolute absolute--fill cover bg-center\" style=\"background-color:;background-image:linear-gradient( );\"><\/div><div class=\"absolute absolute--fill\" style=\"background-color:;background-image:linear-gradient( );opacity:1;\"><\/div><\/div><div class=\"relative caxton-section-block\" style=\"padding-top:5px;padding-left:5px;padding-bottom:5px;padding-right:5px\" data-mobile-css=\"padding-left:1em;padding-right:1em;\" data-tablet-css=\"padding-left:1em;padding-right:1em;\">\n<p class=\"has-text-align-center\"><a href=\"https:\/\/pubs.acs.org\/action\/showFeed?type=axatoc&amp;feed=rss&amp;jc=jamsef\">RSS<\/a><\/p>\n<\/div><\/div>\n<\/div><\/div>\n\n\n\n<div class=\"wp-block-caxton-grid relative\"><div class=\"absolute absolute--fill\"><div class=\"absolute absolute--fill cover bg-center\" style=\"background-color:;background-image:linear-gradient( );\"><\/div><div class=\"absolute absolute--fill\" style=\"background-color:;background-image:linear-gradient( );opacity:1;\"><\/div><\/div><div class=\"relative caxton-columns caxton-grid-block\" style=\"padding-top:0;padding-left:0;padding-bottom:0;padding-right:0;grid-template-columns:repeat(12, 1fr)\" data-tablet-css=\"padding-left:em;padding-right:em;\" data-mobile-css=\"padding-left:em;padding-right:em;\">\n<div class=\"wp-block-caxton-section relative\" style=\"grid-area:span 1\/span 12\"><div class=\"absolute absolute--fill\"><div class=\"absolute absolute--fill cover bg-center\" style=\"background-color:;background-image:linear-gradient( );\"><\/div><div class=\"absolute absolute--fill\" style=\"background-color:;background-image:linear-gradient( );opacity:1;\"><\/div><\/div><div class=\"relative caxton-section-block\" style=\"padding-top:5px;padding-left:5px;padding-bottom:5px;padding-right:5px\" data-mobile-css=\"padding-left:1em;padding-right:1em;\" data-tablet-css=\"padding-left:1em;padding-right:1em;\"><ul class=\"has-dates has-authors has-excerpts wp-block-rss\"><li class='wp-block-rss__item'><div class='wp-block-rss__item-title'><a href='http:\/\/dx.doi.org\/10.1021\/jasms.6c00051'>[ASAP] Extending Serum IgG1 Antibody Repertoire Coverage Using DIA-PTCR<\/a><\/div><time datetime=\"2026-05-11T08:09:05-05:00\" class=\"wp-block-rss__item-publish-date\">May 11, 2026<\/time> <span class=\"wp-block-rss__item-author\">by Rien W. Leuvenink, Linus Wollenweber, Albert Bondt, Kyle L. Fort, and Albert J. R. Heck<\/span><div class=\"wp-block-rss__item-excerpt\">Journal of the American Society for Mass SpectrometryDOI: 10.1021\/jasms.6c00051<\/div><\/li><li class='wp-block-rss__item'><div class='wp-block-rss__item-title'><a href='http:\/\/dx.doi.org\/10.1021\/jasms.6c00067'>[ASAP] Desorption Electrospray Ionization\u2013Mass Spectrometry Imaging Provides Spatiochemical Information on Potential Biocontrol Agents against Phytophthora capsici Infection in Tomato Plants<\/a><\/div><time datetime=\"2026-05-07T19:00:00-05:00\" class=\"wp-block-rss__item-publish-date\">May 7, 2026<\/time> <span class=\"wp-block-rss__item-author\">by Jamille Y. Robinson, Hawkins S. Shepard, Daniel Ambachew, Peter J. Eyegheleme, Jody C. May, Margaret T. Mmbaga, and John A. McLean<\/span><div class=\"wp-block-rss__item-excerpt\">Journal of the American Society for Mass SpectrometryDOI: 10.1021\/jasms.6c00067<\/div><\/li><li class='wp-block-rss__item'><div class='wp-block-rss__item-title'><a href='http:\/\/dx.doi.org\/10.1021\/jasms.6c00052'>[ASAP] Sensitive RP-LC Method Enabling PTM-Specific Quality Control and MS-Compatible Characterization of Fc-Containing GLP-1 Therapeutics<\/a><\/div><time datetime=\"2026-05-06T19:23:52-05:00\" class=\"wp-block-rss__item-publish-date\">May 6, 2026<\/time> <span class=\"wp-block-rss__item-author\">by Jin Xu, Anqi Zhou, Mengjiao Xu, Qiaoshuang Chen, Chenjing Xu, Jinhao Li, Na Li, Zhixin Li, Guodong Wu, Weitao Zhang, Shuhai Xu, Qiaoling Ni, Tao Liu, Chunguang Zheng, Wei Yu, Xi Chen, Lankun Song, Min Xia, Qingcheng Guo, Lusha Ji, Weizhu Qian, Sheng Hou, Jun Li, Ziqiao Sun, Xuekun Wang, Fubo Han, Hao Wang, Jing Li, Dapeng Zhang, and Huaizu Guo<\/span><div class=\"wp-block-rss__item-excerpt\">Journal of the American Society for Mass SpectrometryDOI: 10.1021\/jasms.6c00052<\/div><\/li><li class='wp-block-rss__item'><div class='wp-block-rss__item-title'><a href='http:\/\/dx.doi.org\/10.1021\/jasms.5c00297'>[ASAP] From Mythology to Methodology: Untargeted Single-Cell Metabolomics in R with MeDUSA<\/a><\/div><time datetime=\"2026-05-06T13:08:28-05:00\" class=\"wp-block-rss__item-publish-date\">May 6, 2026<\/time> <span class=\"wp-block-rss__item-author\">by Laura Ann Castaneda, Eric Hetzel, Fercan G\u00fcl, Thomas Hankemeier, and Ahmed Ali<\/span><div class=\"wp-block-rss__item-excerpt\">Journal of the American Society for Mass SpectrometryDOI: 10.1021\/jasms.5c00297<\/div><\/li><li class='wp-block-rss__item'><div class='wp-block-rss__item-title'><a href='http:\/\/dx.doi.org\/10.1021\/jasms.6c00011'>[ASAP] Multi-Laboratory Assessment Reveals Variable Ion Species Profiles in Electrospray Ionization Mass Spectrometry<\/a><\/div><time datetime=\"2026-05-06T12:42:31-05:00\" class=\"wp-block-rss__item-publish-date\">May 6, 2026<\/time> <span class=\"wp-block-rss__item-author\">by Melanie T. Odenkirk, Jacqueline M. Chaparro, Nathan T. Montgomery, Katrina L. Leaptrot, Stacy D. Sherrod, Jody C. May, Henri\u00ebtte van Eekelen, Bert Schipper, Juliana Chaura, Gabriel Esteban Velez, Wimonphan Chathiran, Cole R. Michel, Katrina A. Doenges, Richard Reisdorph, Mari Maeda-Yamamoto, Luis Valdiviez, Uri Keshet, Jeremiah Wells, Scott Mackell, David Bell, Sebastian Tapia Leiva, Simon Partridge, Daniela Rago, Linda Ahonen, Yuki Ito, Margaret L. Read, John C. Evans, Macy J. Gruszczynski, Leokadja Szalach, Stephen C. Boyko, Steven Watkins, Rodrigo Ledesma Amaro, Oliver Fiehn, Nichole Reisdorph, Warangkana Srichamnong, Andres Jaramillo-Botero, Ric C. H. de Vos, Robert D. Hall, John A. McLean, Corey D. Broeckling, and Jessica E. Prenni<\/span><div class=\"wp-block-rss__item-excerpt\">Journal of the American Society for Mass SpectrometryDOI: 10.1021\/jasms.6c00011<\/div><\/li><li class='wp-block-rss__item'><div class='wp-block-rss__item-title'><a href='http:\/\/dx.doi.org\/10.1021\/jasms.6c00066'>[ASAP] Native Mass Spectrometry Reveals Binding Modes of the Tumor Suppressor Protein p53 to Different DNA Response Elements<\/a><\/div><time datetime=\"2026-05-05T11:21:23-05:00\" class=\"wp-block-rss__item-publish-date\">May 5, 2026<\/time> <span class=\"wp-block-rss__item-author\">by Erik Siefke, Christian Arlt, and Andrea Sinz<\/span><div class=\"wp-block-rss__item-excerpt\">Journal of the American Society for Mass SpectrometryDOI: 10.1021\/jasms.6c00066<\/div><\/li><li class='wp-block-rss__item'><div class='wp-block-rss__item-title'><a href='http:\/\/dx.doi.org\/10.1021\/jasms.6c00025'>[ASAP] Venturi Easy Ambient Ionization Mass Spectrometry Coupled to Gas Chromatography for High-Throughput Quantitation of Acetic Acid Residues in Pharmaceuticals<\/a><\/div><time datetime=\"2026-05-04T12:16:38-05:00\" class=\"wp-block-rss__item-publish-date\">May 4, 2026<\/time> <span class=\"wp-block-rss__item-author\">by David Ulisses Tega, Luan Felipe Campos Oliveira, Thales Fernando Dias Pereira, Taynara Sim\u00e3o Matos, Patrick Cesar Ferreira, Heliara Dalva Lopes Nascimento, Marcos Nogueira Eberlin, and Alessandra Sussulini<\/span><div class=\"wp-block-rss__item-excerpt\">Journal of the American Society for Mass SpectrometryDOI: 10.1021\/jasms.6c00025<\/div><\/li><li class='wp-block-rss__item'><div class='wp-block-rss__item-title'><a href='http:\/\/dx.doi.org\/10.1021\/jasms.6c00024'>[ASAP] Metabolomic Characterization of Streptococcus dysgalactiae subsp. equisimilis: Different Metabolic States in Planktonic and Biofilm Forms and the Influence of Streptokinase<\/a><\/div><time datetime=\"2026-04-30T16:38:47-05:00\" class=\"wp-block-rss__item-publish-date\">April 30, 2026<\/time> <span class=\"wp-block-rss__item-author\">by Jan Rockstroh, Anna-Johanna Pagel, Janine V. Neufend, Nikolai Siemens, Michael Lalk, and Karen Methling<\/span><div class=\"wp-block-rss__item-excerpt\">Journal of the American Society for Mass SpectrometryDOI: 10.1021\/jasms.6c00024<\/div><\/li><li class='wp-block-rss__item'><div class='wp-block-rss__item-title'><a href='http:\/\/dx.doi.org\/10.1021\/jasms.5c00386'>[ASAP] Activation of Oligonucleotide Polyanions Using Collisions, Electrons and Photons in a timsOmni Platform<\/a><\/div><time datetime=\"2026-04-30T14:16:24-05:00\" class=\"wp-block-rss__item-publish-date\">April 30, 2026<\/time> <span class=\"wp-block-rss__item-author\">by Fr\u00e9d\u00e9ric Rosu, Rim Chiba, Arjun Mani Mallika, Athanasios Smyrnakis, Jean-Fran\u00e7ois Greisch, Dimitris Papanastasiou, and Val\u00e9rie Gabelica<\/span><div class=\"wp-block-rss__item-excerpt\">Journal of the American Society for Mass SpectrometryDOI: 10.1021\/jasms.5c00386<\/div><\/li><li class='wp-block-rss__item'><div class='wp-block-rss__item-title'><a href='http:\/\/dx.doi.org\/10.1021\/jasms.6c00125'>[ASAP] Faces of Mass Spectrometry\/Michal Sharon<\/a><\/div><time datetime=\"2026-04-28T16:58:26-05:00\" class=\"wp-block-rss__item-publish-date\">April 28, 2026<\/time> <span class=\"wp-block-rss__item-author\">by Anne Brenner and J. D. Brookbank<\/span><div class=\"wp-block-rss__item-excerpt\">Journal of the American Society for Mass SpectrometryDOI: 10.1021\/jasms.6c00125<\/div><\/li><\/ul><\/div><\/div>\n<\/div><\/div>\n\n\n\n<h5 class=\"wp-block-heading\">Related Journals<\/h5>\n\n\n<ul class=\"su-siblings\"><li class=\"page_item page-item-2028\"><a href=\"https:\/\/kermitmurray.com\/msblog\/links\/journal-feeds\/mass-spectrometry-journals\/mass-spectrometry-articles\/\">Mass Spectrometry Articles<\/a><\/li>\n<li class=\"page_item page-item-1487\"><a href=\"https:\/\/kermitmurray.com\/msblog\/links\/journal-feeds\/mass-spectrometry-journals\/clinical-mass-spectrometry\/\">Clinical Mass Spectrometry<\/a><\/li>\n<li class=\"page_item page-item-2820\"><a href=\"https:\/\/kermitmurray.com\/msblog\/links\/journal-feeds\/mass-spectrometry-journals\/european-journal-of-mass-spectrometry-2\/\">European Journal of Mass Spectrometry<\/a><\/li>\n<li class=\"page_item page-item-1576\"><a href=\"https:\/\/kermitmurray.com\/msblog\/links\/journal-feeds\/mass-spectrometry-journals\/international-journal-of-mass-spectrometry\/\">International Journal of Mass Spectrometry<\/a><\/li>\n<li class=\"page_item page-item-1552\"><a href=\"https:\/\/kermitmurray.com\/msblog\/links\/journal-feeds\/mass-spectrometry-journals\/journal-of-mass-spectrometry\/\">Journal of Mass Spectrometry<\/a><\/li>\n<li class=\"page_item page-item-1565\"><a href=\"https:\/\/kermitmurray.com\/msblog\/links\/journal-feeds\/mass-spectrometry-journals\/journal-of-the-mass-spectrometry-society-of-japan\/\">Journal of the Mass Spectrometry Society of Japan<\/a><\/li>\n<li class=\"page_item page-item-1570\"><a href=\"https:\/\/kermitmurray.com\/msblog\/links\/journal-feeds\/mass-spectrometry-journals\/mass-spectrometry-reviews\/\">Mass Spectrometry Reviews<\/a><\/li>\n<li class=\"page_item page-item-1560\"><a href=\"https:\/\/kermitmurray.com\/msblog\/links\/journal-feeds\/mass-spectrometry-journals\/nature-mass-spectrometry\/\">Nature Mass Spectrometry<\/a><\/li>\n<\/ul>\n","protected":false},"excerpt":{"rendered":"<p>Related Journals<\/p>\n","protected":false},"author":1,"featured_media":1759,"parent":2597,"menu_order":0,"comment_status":"closed","ping_status":"closed","template":"","meta":{"footnotes":"","_links_to":"","_links_to_target":""},"class_list":["post-1557","page","type-page","status-publish","has-post-thumbnail","hentry","entry"],"_links":{"self":[{"href":"https:\/\/kermitmurray.com\/msblog\/wp-json\/wp\/v2\/pages\/1557","targetHints":{"allow":["GET"]}}],"collection":[{"href":"https:\/\/kermitmurray.com\/msblog\/wp-json\/wp\/v2\/pages"}],"about":[{"href":"https:\/\/kermitmurray.com\/msblog\/wp-json\/wp\/v2\/types\/page"}],"author":[{"embeddable":true,"href":"https:\/\/kermitmurray.com\/msblog\/wp-json\/wp\/v2\/users\/1"}],"replies":[{"embeddable":true,"href":"https:\/\/kermitmurray.com\/msblog\/wp-json\/wp\/v2\/comments?post=1557"}],"version-history":[{"count":9,"href":"https:\/\/kermitmurray.com\/msblog\/wp-json\/wp\/v2\/pages\/1557\/revisions"}],"predecessor-version":[{"id":5357,"href":"https:\/\/kermitmurray.com\/msblog\/wp-json\/wp\/v2\/pages\/1557\/revisions\/5357"}],"up":[{"embeddable":true,"href":"https:\/\/kermitmurray.com\/msblog\/wp-json\/wp\/v2\/pages\/2597"}],"wp:featuredmedia":[{"embeddable":true,"href":"https:\/\/kermitmurray.com\/msblog\/wp-json\/wp\/v2\/media\/1759"}],"wp:attachment":[{"href":"https:\/\/kermitmurray.com\/msblog\/wp-json\/wp\/v2\/media?parent=1557"}],"curies":[{"name":"wp","href":"https:\/\/api.w.org\/{rel}","templated":true}]}}