{"id":1458,"date":"2017-07-21T11:24:25","date_gmt":"2017-07-21T16:24:25","guid":{"rendered":"http:\/\/mass-spec.lsu.edu\/blog\/?page_id=1458"},"modified":"2022-12-24T17:11:22","modified_gmt":"2022-12-24T23:11:22","slug":"analytical-chemistry-podcast","status":"publish","type":"page","link":"https:\/\/kermitmurray.com\/msblog\/links\/journal-feeds\/analytical-journal-feeds\/analytical-chemistry-podcast\/","title":{"rendered":"Analytical Chemistry Podcast"},"content":{"rendered":"\n<div class=\"wp-block-caxton-grid relative\"><div class=\"absolute absolute--fill\"><div class=\"absolute absolute--fill cover bg-center\" style=\"background-color:;background-image:linear-gradient( );\"><\/div><div class=\"absolute absolute--fill\" style=\"background-color:;background-image:linear-gradient( );opacity:1;\"><\/div><\/div><div class=\"relative caxton-columns caxton-grid-block\" style=\"padding-top:0;padding-left:0;padding-bottom:0;padding-right:0;grid-template-columns:repeat(12, 1fr)\" data-tablet-css=\"padding-left:em;padding-right:em;\" data-mobile-css=\"padding-left:em;padding-right:em;\">\n<div class=\"wp-block-caxton-section relative\" style=\"grid-area:span 1\/span 9\"><div class=\"absolute absolute--fill\"><div class=\"absolute absolute--fill cover bg-center\" style=\"background-color:;background-image:linear-gradient( );\"><\/div><div class=\"absolute absolute--fill\" style=\"background-color:;background-image:linear-gradient( );opacity:1;\"><\/div><\/div><div class=\"relative caxton-section-block\" style=\"padding-top:5px;padding-left:5px;padding-bottom:5px;padding-right:5px\" data-mobile-css=\"padding-left:1em;padding-right:1em;\" data-tablet-css=\"padding-left:1em;padding-right:1em;\">\n<p class=\"has-text-align-center\"><a href=\"https:\/\/podcasts.apple.com\/us\/podcast\/analytical-chemistry-podcast\/id276478220\"><strong>Podcast Home<\/strong><\/a><\/p>\n<\/div><\/div>\n\n\n\n<div class=\"wp-block-caxton-section relative\" style=\"grid-area:span 1\/span 3\"><div class=\"absolute absolute--fill\"><div class=\"absolute absolute--fill cover bg-center\" style=\"background-color:;background-image:linear-gradient( );\"><\/div><div class=\"absolute absolute--fill\" style=\"background-color:;background-image:linear-gradient( );opacity:1;\"><\/div><\/div><div class=\"relative caxton-section-block\" style=\"padding-top:5px;padding-left:5px;padding-bottom:5px;padding-right:5px\" data-mobile-css=\"padding-left:1em;padding-right:1em;\" data-tablet-css=\"padding-left:1em;padding-right:1em;\">\n<p class=\"has-text-align-center\"><a href=\"http:\/\/feeds.feedburner.com\/AnalyticalChemistryPodcast\">RSS<\/a><\/p>\n<\/div><\/div>\n<\/div><\/div>\n\n\n\n<div class=\"wp-block-caxton-grid relative\"><div class=\"absolute absolute--fill\"><div class=\"absolute absolute--fill cover bg-center\" style=\"background-color:;background-image:linear-gradient( );\"><\/div><div class=\"absolute absolute--fill\" style=\"background-color:;background-image:linear-gradient( );opacity:1;\"><\/div><\/div><div class=\"relative caxton-columns caxton-grid-block\" style=\"padding-top:0;padding-left:0;padding-bottom:0;padding-right:0;grid-template-columns:repeat(12, 1fr)\" data-tablet-css=\"padding-left:em;padding-right:em;\" data-mobile-css=\"padding-left:em;padding-right:em;\">\n<div class=\"wp-block-caxton-section relative\" style=\"grid-area:span 1\/span 12\"><div class=\"absolute absolute--fill\"><div class=\"absolute absolute--fill cover bg-center\" style=\"background-color:;background-image:linear-gradient( );\"><\/div><div class=\"absolute absolute--fill\" style=\"background-color:;background-image:linear-gradient( );opacity:1;\"><\/div><\/div><div class=\"relative caxton-section-block\" style=\"padding-top:5px;padding-left:5px;padding-bottom:5px;padding-right:5px\" data-mobile-css=\"padding-left:1em;padding-right:1em;\" data-tablet-css=\"padding-left:1em;padding-right:1em;\"><ul class=\"has-dates has-authors has-excerpts wp-block-rss\"><li class='wp-block-rss__item'><div class='wp-block-rss__item-title'><a href='http:\/\/pubs.acs.org\/subscribe\/journals\/ancham\/audio\/Analytical-Chemistry-Podcast-December-2016.mp3'>Analytical Chemistry Podcast &#8211; December 2016<\/a><\/div><time datetime=\"2016-12-06T17:30:25-06:00\" class=\"wp-block-rss__item-publish-date\">December 6, 2016<\/time> <div class=\"wp-block-rss__item-excerpt\">Interview with Jared Anderson<\/div><\/li><li class='wp-block-rss__item'><div class='wp-block-rss__item-title'><a href='http:\/\/pubs.acs.org\/subscribe\/journals\/ancham\/audio\/Analytical-Chemistry-Podcast-November-2016.mp3'>Analytical Chemistry Podcast &#8211; November 2016<\/a><\/div><time datetime=\"2016-11-10T17:30:25-06:00\" class=\"wp-block-rss__item-publish-date\">November 10, 2016<\/time> <div class=\"wp-block-rss__item-excerpt\">Interview with Vladim\u00edr Havl\u00ed\u010dek<\/div><\/li><li class='wp-block-rss__item'><div class='wp-block-rss__item-title'><a href='http:\/\/pubs.acs.org\/subscribe\/journals\/ancham\/audio\/Analytical-Chemistry-Podcast-October-2016.mp3'>Analytical Chemistry Podcast &#8211; October 2016<\/a><\/div><time datetime=\"2016-10-05T17:30:25-05:00\" class=\"wp-block-rss__item-publish-date\">October 5, 2016<\/time> <div class=\"wp-block-rss__item-excerpt\">Interview with Zhenglong Zhang<\/div><\/li><li class='wp-block-rss__item'><div class='wp-block-rss__item-title'><a href='http:\/\/pubs.acs.org\/subscribe\/journals\/ancham\/audio\/Analytical-Chemistry-Podcast-September-2016.mp3'>Analytical Chemistry Podcast &#8211; September 2016<\/a><\/div><time datetime=\"2016-09-06T17:30:25-05:00\" class=\"wp-block-rss__item-publish-date\">September 6, 2016<\/time> <div class=\"wp-block-rss__item-excerpt\">Interview with Stephen Jacobson, Josh Baker, Dave Kysela and Yves Brun<\/div><\/li><li class='wp-block-rss__item'><div class='wp-block-rss__item-title'><a href='http:\/\/pubs.acs.org\/subscribe\/journals\/ancham\/audio\/Analytical-Chemistry-Podcast-August-2016.mp3'>Analytical Chemistry Podcast &#8211; August 2016<\/a><\/div><time datetime=\"2016-08-03T17:30:25-05:00\" class=\"wp-block-rss__item-publish-date\">August 3, 2016<\/time> <div class=\"wp-block-rss__item-excerpt\">Interview with D. Dan Huh<\/div><\/li><li class='wp-block-rss__item'><div class='wp-block-rss__item-title'><a href='http:\/\/pubs.acs.org\/subscribe\/journals\/ancham\/audio\/Analytical-Chemistry-Podcast-July-2016.mp3'>Analytical Chemistry Podcast &#8211; July 2016<\/a><\/div><time datetime=\"2016-07-06T17:30:25-05:00\" class=\"wp-block-rss__item-publish-date\">July 6, 2016<\/time> <div class=\"wp-block-rss__item-excerpt\">Interview with Andreu Llobera<\/div><\/li><li class='wp-block-rss__item'><div class='wp-block-rss__item-title'><a href='http:\/\/pubs.acs.org\/subscribe\/journals\/ancham\/audio\/Analytical-Chemistry-Podcast-June-2016.mp3'>Analytical Chemistry Podcast &#8211; June 2016<\/a><\/div><time datetime=\"2016-06-08T17:30:25-05:00\" class=\"wp-block-rss__item-publish-date\">June 8, 2016<\/time> <div class=\"wp-block-rss__item-excerpt\">Interview with Boris Mizaikoff<\/div><\/li><li class='wp-block-rss__item'><div class='wp-block-rss__item-title'><a href='http:\/\/pubs.acs.org\/subscribe\/journals\/ancham\/audio\/Analytical-Chemistry-Podcast-May-2016.mp3'>Analytical Chemistry Podcast<\/a><\/div><time datetime=\"2016-05-04T17:30:25-05:00\" class=\"wp-block-rss__item-publish-date\">May 4, 2016<\/time> <div class=\"wp-block-rss__item-excerpt\">Interview with Eli Hvastkovs and James Rusling<\/div><\/li><li class='wp-block-rss__item'><div class='wp-block-rss__item-title'><a href='http:\/\/pubs.acs.org\/subscribe\/journals\/ancham\/audio\/Analytical-Chemistry-Podcast-April-2016.mp3'>Analytical Chemistry Podcast &#8211; April 2016<\/a><\/div><time datetime=\"2016-04-06T17:30:25-05:00\" class=\"wp-block-rss__item-publish-date\">April 6, 2016<\/time> <div class=\"wp-block-rss__item-excerpt\">Interview with Lingjun Li and Erin Gemperline<\/div><\/li><li class='wp-block-rss__item'><div class='wp-block-rss__item-title'><a href='http:\/\/pubs.acs.org\/subscribe\/journals\/ancham\/audio\/Analytical-Chemistry-Podcast-March-2016.mp3'>Analytical Chemistry Podcast &#8211; March 2016<\/a><\/div><time datetime=\"2016-03-01T17:30:25-06:00\" class=\"wp-block-rss__item-publish-date\">March 1, 2016<\/time> <div class=\"wp-block-rss__item-excerpt\">Interview with Marcos Eberlin and Sebastiaan Teunissen<\/div><\/li><\/ul><\/div><\/div>\n<\/div><\/div>\n\n\n\n<hr class=\"wp-block-separator has-alpha-channel-opacity is-style-wide\"\/>\n\n\n\n<h4 class=\"wp-block-heading\">Related Feeds<\/h4>\n\n\n<ul class=\"su-siblings\"><li class=\"page_item page-item-1434\"><a href=\"https:\/\/kermitmurray.com\/msblog\/links\/journal-feeds\/analytical-journal-feeds\/analyst-feed\/\">Analyst<\/a><\/li>\n<li class=\"page_item page-item-1447\"><a href=\"https:\/\/kermitmurray.com\/msblog\/links\/journal-feeds\/analytical-journal-feeds\/analytica-chimica-acta\/\">Analytica Chimica Acta<\/a><\/li>\n<li class=\"page_item page-item-1451\"><a href=\"https:\/\/kermitmurray.com\/msblog\/links\/journal-feeds\/analytical-journal-feeds\/analytical-and-bioanalytical-chemistry\/\">Analytical and Bioanalytical Chemistry<\/a><\/li>\n<li class=\"page_item page-item-1456\"><a href=\"https:\/\/kermitmurray.com\/msblog\/links\/journal-feeds\/analytical-journal-feeds\/analytical-chemistry\/\">Analytical Chemistry<\/a><\/li>\n<li class=\"page_item page-item-1440\"><a href=\"https:\/\/kermitmurray.com\/msblog\/links\/journal-feeds\/analytical-journal-feeds\/analytical-methods-feed\/\">Analytical Methods<\/a><\/li>\n<li class=\"page_item page-item-1494\"><a href=\"https:\/\/kermitmurray.com\/msblog\/links\/journal-feeds\/analytical-journal-feeds\/electrophoresis\/\">Electrophoresis<\/a><\/li>\n<li class=\"page_item page-item-2836\"><a href=\"https:\/\/kermitmurray.com\/msblog\/links\/journal-feeds\/analytical-journal-feeds\/forensic-science-international\/\">Forensic Science International<\/a><\/li>\n<li class=\"page_item page-item-2112\"><a href=\"https:\/\/kermitmurray.com\/msblog\/links\/journal-feeds\/analytical-journal-feeds\/journal-of-separation-science\/\">Journal of Separation Science<\/a><\/li>\n<\/ul>\n","protected":false},"excerpt":{"rendered":"<p>Related Feeds<\/p>\n","protected":false},"author":1,"featured_media":2653,"parent":1517,"menu_order":0,"comment_status":"closed","ping_status":"closed","template":"","meta":{"footnotes":"","_links_to":"","_links_to_target":""},"class_list":["post-1458","page","type-page","status-publish","has-post-thumbnail","hentry","entry"],"_links":{"self":[{"href":"https:\/\/kermitmurray.com\/msblog\/wp-json\/wp\/v2\/pages\/1458","targetHints":{"allow":["GET"]}}],"collection":[{"href":"https:\/\/kermitmurray.com\/msblog\/wp-json\/wp\/v2\/pages"}],"about":[{"href":"https:\/\/kermitmurray.com\/msblog\/wp-json\/wp\/v2\/types\/page"}],"author":[{"embeddable":true,"href":"https:\/\/kermitmurray.com\/msblog\/wp-json\/wp\/v2\/users\/1"}],"replies":[{"embeddable":true,"href":"https:\/\/kermitmurray.com\/msblog\/wp-json\/wp\/v2\/comments?post=1458"}],"version-history":[{"count":5,"href":"https:\/\/kermitmurray.com\/msblog\/wp-json\/wp\/v2\/pages\/1458\/revisions"}],"predecessor-version":[{"id":2729,"href":"https:\/\/kermitmurray.com\/msblog\/wp-json\/wp\/v2\/pages\/1458\/revisions\/2729"}],"up":[{"embeddable":true,"href":"https:\/\/kermitmurray.com\/msblog\/wp-json\/wp\/v2\/pages\/1517"}],"wp:featuredmedia":[{"embeddable":true,"href":"https:\/\/kermitmurray.com\/msblog\/wp-json\/wp\/v2\/media\/2653"}],"wp:attachment":[{"href":"https:\/\/kermitmurray.com\/msblog\/wp-json\/wp\/v2\/media?parent=1458"}],"curies":[{"name":"wp","href":"https:\/\/api.w.org\/{rel}","templated":true}]}}