{"id":1456,"date":"2017-07-21T11:23:31","date_gmt":"2017-07-21T16:23:31","guid":{"rendered":"http:\/\/mass-spec.lsu.edu\/blog\/?page_id=1456"},"modified":"2024-12-20T09:45:08","modified_gmt":"2024-12-20T15:45:08","slug":"analytical-chemistry","status":"publish","type":"page","link":"https:\/\/kermitmurray.com\/msblog\/links\/journal-feeds\/analytical-journal-feeds\/analytical-chemistry\/","title":{"rendered":"Analytical Chemistry"},"content":{"rendered":"\n<div class=\"wp-block-caxton-grid relative\"><div class=\"absolute absolute--fill\"><div class=\"absolute absolute--fill cover bg-center\" style=\"background-color:;background-image:linear-gradient( );\"><\/div><div class=\"absolute absolute--fill\" style=\"background-color:;background-image:linear-gradient( );opacity:1;\"><\/div><\/div><div class=\"relative caxton-columns caxton-grid-block\" style=\"padding-top:0;padding-left:0;padding-bottom:0;padding-right:0;grid-template-columns:repeat(12, 1fr)\" data-tablet-css=\"padding-left:em;padding-right:em;\" data-mobile-css=\"padding-left:em;padding-right:em;\">\n<div class=\"wp-block-caxton-section relative\" style=\"grid-area:span 1\/span 9\"><div class=\"absolute absolute--fill\"><div class=\"absolute absolute--fill cover bg-center\" style=\"background-color:;background-image:linear-gradient( );\"><\/div><div class=\"absolute absolute--fill\" style=\"background-color:;background-image:linear-gradient( );opacity:1;\"><\/div><\/div><div class=\"relative caxton-section-block\" style=\"padding-top:5px;padding-left:5px;padding-bottom:5px;padding-right:5px\" data-mobile-css=\"padding-left:1em;padding-right:1em;\" data-tablet-css=\"padding-left:1em;padding-right:1em;\">\n<p class=\"has-text-align-center\"><a href=\"https:\/\/pubs.acs.org\/journal\/ancham\"><strong>Journal Home<\/strong><\/a><\/p>\n<\/div><\/div>\n\n\n\n<div class=\"wp-block-caxton-section relative\" style=\"grid-area:span 1\/span 3\"><div class=\"absolute absolute--fill\"><div class=\"absolute absolute--fill cover bg-center\" style=\"background-color:;background-image:linear-gradient( );\"><\/div><div class=\"absolute absolute--fill\" style=\"background-color:;background-image:linear-gradient( );opacity:1;\"><\/div><\/div><div class=\"relative caxton-section-block\" style=\"padding-top:5px;padding-left:5px;padding-bottom:5px;padding-right:5px\" data-mobile-css=\"padding-left:1em;padding-right:1em;\" data-tablet-css=\"padding-left:1em;padding-right:1em;\">\n<p class=\"has-text-align-center\"><a href=\"https:\/\/pubs.acs.org\/action\/showFeed?type=axatoc&amp;feed=rss&amp;jc=ancham\">RSS<\/a><\/p>\n<\/div><\/div>\n<\/div><\/div>\n\n\n\n<div class=\"wp-block-caxton-grid relative\"><div class=\"absolute absolute--fill\"><div class=\"absolute absolute--fill cover bg-center\" style=\"background-color:;background-image:linear-gradient( );\"><\/div><div class=\"absolute absolute--fill\" style=\"background-color:;background-image:linear-gradient( );opacity:1;\"><\/div><\/div><div class=\"relative caxton-columns caxton-grid-block\" style=\"padding-top:0;padding-left:0;padding-bottom:0;padding-right:0;grid-template-columns:repeat(12, 1fr)\" data-tablet-css=\"padding-left:em;padding-right:em;\" data-mobile-css=\"padding-left:em;padding-right:em;\">\n<div class=\"wp-block-caxton-section relative\" style=\"grid-area:span 1\/span 12\"><div class=\"absolute absolute--fill\"><div class=\"absolute absolute--fill cover bg-center\" style=\"background-color:;background-image:linear-gradient( );\"><\/div><div class=\"absolute absolute--fill\" style=\"background-color:;background-image:linear-gradient( );opacity:1;\"><\/div><\/div><div class=\"relative caxton-section-block\" style=\"padding-top:5px;padding-left:5px;padding-bottom:5px;padding-right:5px\" data-mobile-css=\"padding-left:1em;padding-right:1em;\" data-tablet-css=\"padding-left:1em;padding-right:1em;\">\n<p><\/p>\n\n\n<ul class=\"has-dates has-authors has-excerpts wp-block-rss\"><li class='wp-block-rss__item'><div class='wp-block-rss__item-title'><a href='http:\/\/dx.doi.org\/10.1021\/acs.analchem.6c00933'>[ASAP] Reverse-Flow Engineering of a Liquid Microjunction Surface Sampling Probe for Ambient Ionization Mass Spectrometry Using Computational Fluid Dynamics<\/a><\/div><time datetime=\"2026-05-12T19:33:14-05:00\" class=\"wp-block-rss__item-publish-date\">May 12, 2026<\/time> <span class=\"wp-block-rss__item-author\">by Mina Alidoust SL, Jian Yu, Malek Hassan, and Richard D. Oleschuk<\/span><div class=\"wp-block-rss__item-excerpt\">Analytical ChemistryDOI: 10.1021\/acs.analchem.6c00933<\/div><\/li><li class='wp-block-rss__item'><div class='wp-block-rss__item-title'><a href='http:\/\/dx.doi.org\/10.1021\/acs.analchem.6c00127'>[ASAP] Prolonged DNA Translocation through Graphene-Coupled Si3N4 Dual Nanopores<\/a><\/div><time datetime=\"2026-05-12T12:09:37-05:00\" class=\"wp-block-rss__item-publish-date\">May 12, 2026<\/time> <span class=\"wp-block-rss__item-author\">by Wei Si, Meiting Zeng, Junzhou He, Yanlin He, Yubin Cao, and Yaye Song<\/span><div class=\"wp-block-rss__item-excerpt\">Analytical ChemistryDOI: 10.1021\/acs.analchem.6c00127<\/div><\/li><li class='wp-block-rss__item'><div class='wp-block-rss__item-title'><a href='http:\/\/dx.doi.org\/10.1021\/acs.analchem.6c01124'>[ASAP] A Brain-Permeable Selenocyanate Near-Infrared (NIR) Probe Platform for H2S Dynamics Imaging: Insights into Redox Homeostasis and Antiepileptic Therapy<\/a><\/div><time datetime=\"2026-05-12T11:32:31-05:00\" class=\"wp-block-rss__item-publish-date\">May 12, 2026<\/time> <span class=\"wp-block-rss__item-author\">by Le Liu, Jie Zhang, Deming He, Yuxin He, Lingchao He, Meng He, Xian Zhang, Minrong Huang, Xing Wei, Feiyi Wang, and Wei Chen<\/span><div class=\"wp-block-rss__item-excerpt\">Analytical ChemistryDOI: 10.1021\/acs.analchem.6c01124<\/div><\/li><li class='wp-block-rss__item'><div class='wp-block-rss__item-title'><a href='http:\/\/dx.doi.org\/10.1021\/acs.analchem.6c02125'>[ASAP] Analyses of Individual Singly Charged Ions Using a High-Field Orbitrap Analyzer<\/a><\/div><time datetime=\"2026-05-12T09:58:15-05:00\" class=\"wp-block-rss__item-publish-date\">May 12, 2026<\/time> <span class=\"wp-block-rss__item-author\">by Elena Giaretta, Evol\u00e8ne Desligni\u00e8re, Eduard H. T. M. Ebberink, Tobias P. W\u00f6rner, Arjan Barendregt, Kyle L. Fort, Alexander A. Makarov, and Albert J. R. Heck<\/span><div class=\"wp-block-rss__item-excerpt\">Analytical ChemistryDOI: 10.1021\/acs.analchem.6c02125<\/div><\/li><li class='wp-block-rss__item'><div class='wp-block-rss__item-title'><a href='http:\/\/dx.doi.org\/10.1021\/acs.analchem.6c01557'>[ASAP] Hydroxyl-Functionalized Acicular Single-Crystalline Covalent Organic Frameworks as Liquid Chromatographic Stationary Phases for the High-Performance Separation of Isomers<\/a><\/div><time datetime=\"2026-05-12T09:58:08-05:00\" class=\"wp-block-rss__item-publish-date\">May 12, 2026<\/time> <span class=\"wp-block-rss__item-author\">by Yuandi Xue, Fan Wu, Kaixing Luo, Lusha Wu, Qiuting Zhang, Hongying Jiang, Jiamin Song, Yanhui Zhong, and Zian Lin<\/span><div class=\"wp-block-rss__item-excerpt\">Analytical ChemistryDOI: 10.1021\/acs.analchem.6c01557<\/div><\/li><li class='wp-block-rss__item'><div class='wp-block-rss__item-title'><a href='http:\/\/dx.doi.org\/10.1021\/acs.analchem.6c01944'>[ASAP] Selective Recognition of Tumor-Derived EVs by EpCAM-Imprinted Polymers for Proteomic Biomarker Discovery<\/a><\/div><time datetime=\"2026-05-12T09:57:09-05:00\" class=\"wp-block-rss__item-publish-date\">May 12, 2026<\/time> <span class=\"wp-block-rss__item-author\">by Wenjing Yu, Fengxiang Lou, Luxi Chen, Shilong Zhao, Feng Wei, and Lianghai Hu<\/span><div class=\"wp-block-rss__item-excerpt\">Analytical ChemistryDOI: 10.1021\/acs.analchem.6c01944<\/div><\/li><li class='wp-block-rss__item'><div class='wp-block-rss__item-title'><a href='http:\/\/dx.doi.org\/10.1021\/acs.analchem.5c08256'>[ASAP] Assessment of Protein Conformation via Diazirine-Promoted Oxidation of Methionine and Tryptophan Residues<\/a><\/div><time datetime=\"2026-05-12T08:42:57-05:00\" class=\"wp-block-rss__item-publish-date\">May 12, 2026<\/time> <span class=\"wp-block-rss__item-author\">by Supadach Prertprawnon, Salem R. Neufeld, and Nicholas B. Borotto<\/span><div class=\"wp-block-rss__item-excerpt\">Analytical ChemistryDOI: 10.1021\/acs.analchem.5c08256<\/div><\/li><li class='wp-block-rss__item'><div class='wp-block-rss__item-title'><a href='http:\/\/dx.doi.org\/10.1021\/acs.analchem.6c01246'>[ASAP] Dynamic Filtering Approach for the Online Preconcentration of Nanoplastics Using Capillary Electrophoresis<\/a><\/div><time datetime=\"2026-05-12T08:41:57-05:00\" class=\"wp-block-rss__item-publish-date\">May 12, 2026<\/time> <span class=\"wp-block-rss__item-author\">by Ebuka Anizoba, Alison Bain, and Vincent T. Remcho<\/span><div class=\"wp-block-rss__item-excerpt\">Analytical ChemistryDOI: 10.1021\/acs.analchem.6c01246<\/div><\/li><li class='wp-block-rss__item'><div class='wp-block-rss__item-title'><a href='http:\/\/dx.doi.org\/10.1021\/acs.analchem.6c00202'>[ASAP] Human-to-Rat Validation of PMI Biomarkers: A Bidirectional Cross-Species Metabolomics Study Reveals Asymmetric Translation<\/a><\/div><time datetime=\"2026-05-11T18:26:25-05:00\" class=\"wp-block-rss__item-publish-date\">May 11, 2026<\/time> <span class=\"wp-block-rss__item-author\">by Ida Marie Marquart L\u00f8ber, Liam J. Ward, Albert Elmsj\u00f6, Carl S\u00f6derberg, Palle Villesen, Kirstine Lykke Nielsen, and Henrik Green<\/span><div class=\"wp-block-rss__item-excerpt\">Analytical ChemistryDOI: 10.1021\/acs.analchem.6c00202<\/div><\/li><li class='wp-block-rss__item'><div class='wp-block-rss__item-title'><a href='http:\/\/dx.doi.org\/10.1021\/acs.analchem.6c00574'>[ASAP] Self-Assembled Microsphere-Integrated SERS Microneedles for the 3D Mapping of Agrochemicals Penetration in Fresh Produce<\/a><\/div><time datetime=\"2026-05-11T16:42:57-05:00\" class=\"wp-block-rss__item-publish-date\">May 11, 2026<\/time> <span class=\"wp-block-rss__item-author\">by Qiong Wang, Feifei Yang, Xinru Chen, Yan Lu, Siqi Zhou, Yaxian Wang, Yuxin Yang, Tingting Wang, Hui Liu, Hui Song, Mengke Su, and Honglin Liu<\/span><div class=\"wp-block-rss__item-excerpt\">Analytical ChemistryDOI: 10.1021\/acs.analchem.6c00574<\/div><\/li><li class='wp-block-rss__item'><div class='wp-block-rss__item-title'><a href='http:\/\/dx.doi.org\/10.1021\/acs.analchem.5c07128'>[ASAP] PFAS Screening in Soil by Combustion Gas Analysis with Fourier Transform Infrared Spectroscopy<\/a><\/div><time datetime=\"2026-05-11T16:42:27-05:00\" class=\"wp-block-rss__item-publish-date\">May 11, 2026<\/time> <span class=\"wp-block-rss__item-author\">by Junli Wang, Jordyn Dashiell, Diego Castellano, Mingrui Song, Haley Grable, Lauren Edwards, Plabon Islam Turzo, Chase Holton, and David Hanigan<\/span><div class=\"wp-block-rss__item-excerpt\">Analytical ChemistryDOI: 10.1021\/acs.analchem.5c07128<\/div><\/li><li class='wp-block-rss__item'><div class='wp-block-rss__item-title'><a href='http:\/\/dx.doi.org\/10.1021\/acs.analchem.5c08211'>[ASAP] Operando Nanoscale Measurements of Electrochemical Interfaces: Emerging Frontiers of Scanning Electrochemical Cell Microscopy<\/a><\/div><time datetime=\"2026-05-11T16:28:39-05:00\" class=\"wp-block-rss__item-publish-date\">May 11, 2026<\/time> <span class=\"wp-block-rss__item-author\">by Yuxia Guan, Pingshi Wang, Li Jin, Shujiang Ding, Lingjie Meng, Kai Xi, and Rui Gao<\/span><div class=\"wp-block-rss__item-excerpt\">Analytical ChemistryDOI: 10.1021\/acs.analchem.5c08211<\/div><\/li><\/ul><\/div><\/div>\n<\/div><\/div>\n\n\n\n<hr class=\"wp-block-separator has-alpha-channel-opacity is-style-wide\"\/>\n\n\n\n<h4 class=\"wp-block-heading\">Related Feeds<\/h4>\n\n\n<ul class=\"su-siblings\"><li class=\"page_item page-item-1434\"><a href=\"https:\/\/kermitmurray.com\/msblog\/links\/journal-feeds\/analytical-journal-feeds\/analyst-feed\/\">Analyst<\/a><\/li>\n<li class=\"page_item page-item-1447\"><a href=\"https:\/\/kermitmurray.com\/msblog\/links\/journal-feeds\/analytical-journal-feeds\/analytica-chimica-acta\/\">Analytica Chimica Acta<\/a><\/li>\n<li class=\"page_item page-item-1451\"><a href=\"https:\/\/kermitmurray.com\/msblog\/links\/journal-feeds\/analytical-journal-feeds\/analytical-and-bioanalytical-chemistry\/\">Analytical and Bioanalytical Chemistry<\/a><\/li>\n<li class=\"page_item page-item-1458\"><a href=\"https:\/\/kermitmurray.com\/msblog\/links\/journal-feeds\/analytical-journal-feeds\/analytical-chemistry-podcast\/\">Analytical Chemistry Podcast<\/a><\/li>\n<li class=\"page_item page-item-1440\"><a href=\"https:\/\/kermitmurray.com\/msblog\/links\/journal-feeds\/analytical-journal-feeds\/analytical-methods-feed\/\">Analytical Methods<\/a><\/li>\n<li class=\"page_item page-item-1494\"><a href=\"https:\/\/kermitmurray.com\/msblog\/links\/journal-feeds\/analytical-journal-feeds\/electrophoresis\/\">Electrophoresis<\/a><\/li>\n<li class=\"page_item page-item-2836\"><a href=\"https:\/\/kermitmurray.com\/msblog\/links\/journal-feeds\/analytical-journal-feeds\/forensic-science-international\/\">Forensic Science International<\/a><\/li>\n<li class=\"page_item page-item-2112\"><a href=\"https:\/\/kermitmurray.com\/msblog\/links\/journal-feeds\/analytical-journal-feeds\/journal-of-separation-science\/\">Journal of Separation Science<\/a><\/li>\n<\/ul>\n","protected":false},"excerpt":{"rendered":"<p>Related Feeds<\/p>\n","protected":false},"author":1,"featured_media":2653,"parent":1517,"menu_order":0,"comment_status":"closed","ping_status":"closed","template":"","meta":{"footnotes":"","_links_to":"","_links_to_target":""},"class_list":["post-1456","page","type-page","status-publish","has-post-thumbnail","hentry","entry"],"_links":{"self":[{"href":"https:\/\/kermitmurray.com\/msblog\/wp-json\/wp\/v2\/pages\/1456","targetHints":{"allow":["GET"]}}],"collection":[{"href":"https:\/\/kermitmurray.com\/msblog\/wp-json\/wp\/v2\/pages"}],"about":[{"href":"https:\/\/kermitmurray.com\/msblog\/wp-json\/wp\/v2\/types\/page"}],"author":[{"embeddable":true,"href":"https:\/\/kermitmurray.com\/msblog\/wp-json\/wp\/v2\/users\/1"}],"replies":[{"embeddable":true,"href":"https:\/\/kermitmurray.com\/msblog\/wp-json\/wp\/v2\/comments?post=1456"}],"version-history":[{"count":8,"href":"https:\/\/kermitmurray.com\/msblog\/wp-json\/wp\/v2\/pages\/1456\/revisions"}],"predecessor-version":[{"id":4779,"href":"https:\/\/kermitmurray.com\/msblog\/wp-json\/wp\/v2\/pages\/1456\/revisions\/4779"}],"up":[{"embeddable":true,"href":"https:\/\/kermitmurray.com\/msblog\/wp-json\/wp\/v2\/pages\/1517"}],"wp:featuredmedia":[{"embeddable":true,"href":"https:\/\/kermitmurray.com\/msblog\/wp-json\/wp\/v2\/media\/2653"}],"wp:attachment":[{"href":"https:\/\/kermitmurray.com\/msblog\/wp-json\/wp\/v2\/media?parent=1456"}],"curies":[{"name":"wp","href":"https:\/\/api.w.org\/{rel}","templated":true}]}}