{"id":1434,"date":"2017-07-21T11:07:30","date_gmt":"2017-07-21T16:07:30","guid":{"rendered":"http:\/\/mass-spec.lsu.edu\/blog\/?page_id=1434"},"modified":"2022-12-24T17:07:04","modified_gmt":"2022-12-24T23:07:04","slug":"analyst-feed","status":"publish","type":"page","link":"https:\/\/kermitmurray.com\/msblog\/links\/journal-feeds\/analytical-journal-feeds\/analyst-feed\/","title":{"rendered":"Analyst"},"content":{"rendered":"\n<div class=\"wp-block-caxton-grid relative\"><div class=\"absolute absolute--fill\"><div class=\"absolute absolute--fill cover bg-center\" style=\"background-color:;background-image:linear-gradient( );\"><\/div><div class=\"absolute absolute--fill\" style=\"background-color:;background-image:linear-gradient( );opacity:1;\"><\/div><\/div><div class=\"relative caxton-columns caxton-grid-block\" style=\"padding-top:0;padding-left:0;padding-bottom:0;padding-right:0;grid-template-columns:repeat(12, 1fr)\" data-tablet-css=\"padding-left:em;padding-right:em;\" data-mobile-css=\"padding-left:em;padding-right:em;\">\n<div class=\"wp-block-caxton-section relative\" style=\"grid-area:span 1\/span 8\"><div class=\"absolute absolute--fill\"><div class=\"absolute absolute--fill cover bg-center\" style=\"background-color:;background-image:linear-gradient( );\"><\/div><div class=\"absolute absolute--fill\" style=\"background-color:;background-image:linear-gradient( );opacity:1;\"><\/div><\/div><div class=\"relative caxton-section-block\" style=\"padding-top:5px;padding-left:5px;padding-bottom:5px;padding-right:5px\" data-mobile-css=\"padding-left:1em;padding-right:1em;\" data-tablet-css=\"padding-left:1em;padding-right:1em;\">\n<p class=\"has-text-align-center\"><strong><a href=\"https:\/\/pubs.rsc.org\/en\/journals\/journalissues\/an\">Journal Home<\/a><\/strong><\/p>\n<\/div><\/div>\n\n\n\n<div class=\"wp-block-caxton-section relative\" style=\"grid-area:span 1\/span 4\"><div class=\"absolute absolute--fill\"><div class=\"absolute absolute--fill cover bg-center\" style=\"background-color:;background-image:linear-gradient( );\"><\/div><div class=\"absolute absolute--fill\" style=\"background-color:;background-image:linear-gradient( );opacity:1;\"><\/div><\/div><div class=\"relative caxton-section-block\" style=\"padding-top:5px;padding-left:5px;padding-bottom:5px;padding-right:5px\" data-mobile-css=\"padding-left:1em;padding-right:1em;\" data-tablet-css=\"padding-left:1em;padding-right:1em;\">\n<p class=\"has-text-align-center\"><a href=\"http:\/\/feeds.rsc.org\/rss\/an\">RSS<\/a><\/p>\n<\/div><\/div>\n<\/div><\/div>\n\n\n\n<div class=\"wp-block-caxton-grid relative\"><div class=\"absolute absolute--fill\"><div class=\"absolute absolute--fill cover bg-center\" style=\"background-color:;background-image:linear-gradient( );\"><\/div><div class=\"absolute absolute--fill\" style=\"background-color:;background-image:linear-gradient( );opacity:1;\"><\/div><\/div><div class=\"relative caxton-columns caxton-grid-block\" style=\"padding-top:0;padding-left:0;padding-bottom:0;padding-right:0;grid-template-columns:repeat(12, 1fr)\" data-tablet-css=\"padding-left:em;padding-right:em;\" data-mobile-css=\"padding-left:em;padding-right:em;\">\n<div class=\"wp-block-caxton-section relative\" style=\"grid-area:span 1\/span 12\"><div class=\"absolute absolute--fill\"><div class=\"absolute absolute--fill cover bg-center\" style=\"background-color:;background-image:linear-gradient( );\"><\/div><div class=\"absolute absolute--fill\" style=\"background-color:;background-image:linear-gradient( );opacity:1;\"><\/div><\/div><div class=\"relative caxton-section-block\" style=\"padding-top:5px;padding-left:5px;padding-bottom:5px;padding-right:5px\" data-mobile-css=\"padding-left:1em;padding-right:1em;\" data-tablet-css=\"padding-left:1em;padding-right:1em;\"><ul class=\"has-dates has-authors has-excerpts wp-block-rss\"><li class='wp-block-rss__item'><div class='wp-block-rss__item-title'><a href='http:\/\/pubs.rsc.org\/en\/Content\/ArticleLanding\/2026\/AN\/D6AN00048G'>Upcycling Lemon Peel Waste into Sustainable Bioactive Ingredients.Chemical Characterization and Efficacy Assessment<\/a><\/div><time datetime=\"2026-04-21T23:00:00-05:00\" class=\"wp-block-rss__item-publish-date\">April 21, 2026<\/time> <span class=\"wp-block-rss__item-author\">by Ritamaria Di Lorenzo<\/span><div class=\"wp-block-rss__item-excerpt\">Analyst, 2026, Accepted ManuscriptDOI: 10.1039\/D6AN00048G, Paper Open Access &amp;nbsp This article is licensed under a Creative Commons Attribution 3.0 Unported Licence.Ritamaria Di Lorenzo, Ilaria Neri, Raffaele Raimondo, Daniela D Matteo, Carlo Irace, Maria Grazia Ferraro, Mariavittoria Verrillo, Teresa Ponticorvo, Teresa [&hellip;]<\/div><\/li><li class='wp-block-rss__item'><div class='wp-block-rss__item-title'><a href='http:\/\/pubs.rsc.org\/en\/Content\/ArticleLanding\/2026\/AN\/D6AN00420B'>Simultaneous Quantitation of Structurally Analogous Bile Acid Isomers via Charge-State-Engineered UPLC-MS<\/a><\/div><time datetime=\"2026-04-21T23:00:00-05:00\" class=\"wp-block-rss__item-publish-date\">April 21, 2026<\/time> <span class=\"wp-block-rss__item-author\">by Desen Su<\/span><div class=\"wp-block-rss__item-excerpt\">Analyst, 2026, Accepted ManuscriptDOI: 10.1039\/D6AN00420B, PaperDesen Su, Yunyun Zheng, Xiuxian Lin, Ziqiang Chen, Minmin Huang, Qinghua Yao, Yuwu ChiUrsodeoxycholic, hyodeoxycholic, chenodeoxycholic, and deoxycholic acid are endogenous, dihydroxylated bile acid isomers that share a molecular mass but fulfill specific biological roles. [&hellip;]<\/div><\/li><li class='wp-block-rss__item'><div class='wp-block-rss__item-title'><a href='http:\/\/pubs.rsc.org\/en\/Content\/ArticleLanding\/2026\/AN\/D6AN00224B'>Zinc Finger Protein Arrays in an Epoxy-Functionalized, Pump-Free Microfluidic Device for Amplification-Free, Colorimetric Detection of Double-Stranded DNA<\/a><\/div><time datetime=\"2026-04-20T23:00:00-05:00\" class=\"wp-block-rss__item-publish-date\">April 20, 2026<\/time> <span class=\"wp-block-rss__item-author\">by Shaikh Bhuiyan<\/span><div class=\"wp-block-rss__item-excerpt\">Analyst, 2026, Accepted ManuscriptDOI: 10.1039\/D6AN00224B, PaperShaikh Bhuiyan, Rylan Isaiah Shumway, Christine A Trinkle, Moon-Soo KimRapid pathogen detection is essential during the early stages of disease treatment, as timely identification directly influences the selection of appropriate therapeutic agents. Zinc finger domains [&hellip;]<\/div><\/li><li class='wp-block-rss__item'><div class='wp-block-rss__item-title'><a href='http:\/\/pubs.rsc.org\/en\/Content\/ArticleLanding\/2026\/AN\/D5AN00887E'>Toward real-time protein profiling in biofluids using discriminative Raman spectral markers<\/a><\/div><time datetime=\"2026-04-20T23:00:00-05:00\" class=\"wp-block-rss__item-publish-date\">April 20, 2026<\/time> <span class=\"wp-block-rss__item-author\">by Kadambari Jandhyala<\/span><div class=\"wp-block-rss__item-excerpt\">Analyst, 2026, Advance ArticleDOI: 10.1039\/D5AN00887E, PaperKadambari Jandhyala, Priyanka DeySimultaneous analysis of multiple proteins in liquid biopsies is essential for accurate disease diagnosis and monitoring yet remains challenging in complex biological matrices when proteins exhibit high structural similarity.To cite this article [&hellip;]<\/div><\/li><li class='wp-block-rss__item'><div class='wp-block-rss__item-title'><a href='http:\/\/pubs.rsc.org\/en\/Content\/ArticleLanding\/2026\/AN\/D6AN00297H'>Portable multichannel immunoassay of coxsackievirus A6 using a coordination-engineered iridium-doped ZIF-8 nanozyme<\/a><\/div><time datetime=\"2026-04-19T23:00:00-05:00\" class=\"wp-block-rss__item-publish-date\">April 19, 2026<\/time> <span class=\"wp-block-rss__item-author\">by Fangming Zhu<\/span><div class=\"wp-block-rss__item-excerpt\">Analyst, 2026, Advance ArticleDOI: 10.1039\/D6AN00297H, PaperFangming Zhu, Rongxiu Deng, Xue Liu, Guoliang Dai, Yuyang ZhouAn iridium-doped ZIF-based nanozyme with peroxidase-like activity was developed via a one-pot method to enhance the binding ability between H2O2 and doped iridium atoms.To cite this [&hellip;]<\/div><\/li><li class='wp-block-rss__item'><div class='wp-block-rss__item-title'><a href='http:\/\/pubs.rsc.org\/en\/Content\/ArticleLanding\/2026\/AN\/D6AN00067C'>Analysis of Cholesterol Induced Mechanical Modulation of Cell Membrane by Nanopipette-Generated Fluid Flow<\/a><\/div><time datetime=\"2026-04-19T23:00:00-05:00\" class=\"wp-block-rss__item-publish-date\">April 19, 2026<\/time> <span class=\"wp-block-rss__item-author\">by Shu-Yue Xu<\/span><div class=\"wp-block-rss__item-excerpt\">Analyst, 2026, Accepted ManuscriptDOI: 10.1039\/D6AN00067C, CommunicationShu-Yue Xu, Meng-Qi Zhao, Xin-Yue Liu, Ming-Jie Ye, Bin Bin Chen, Da-Wei Li, Mahmoud Elsayed Hafez, Jian Lv, Ruo-Can QianHere, we report a label-free membrane oscillation strategy based on nanopipette-generated fluid flow to investigate cholesterol-induced [&hellip;]<\/div><\/li><li class='wp-block-rss__item'><div class='wp-block-rss__item-title'><a href='http:\/\/pubs.rsc.org\/en\/Content\/ArticleLanding\/2026\/AN\/D5AN01231G'>GravSorter: A Forward-Genetics Tool for Studying Gravity Response in Caenorhabditis elegans<\/a><\/div><time datetime=\"2026-04-19T23:00:00-05:00\" class=\"wp-block-rss__item-publish-date\">April 19, 2026<\/time> <span class=\"wp-block-rss__item-author\">by Hui Ma<\/span><div class=\"wp-block-rss__item-excerpt\">Analyst, 2026, Accepted ManuscriptDOI: 10.1039\/D5AN01231G, Paper Open Access &amp;nbsp This article is licensed under a Creative Commons Attribution 3.0 Unported Licence.Hui Ma, David Raizen, Haim H BauCaenorhabditis elegans exhibits multiple forms of taxis that couple sensation modalities to directed locomotion. [&hellip;]<\/div><\/li><li class='wp-block-rss__item'><div class='wp-block-rss__item-title'><a href='http:\/\/pubs.rsc.org\/en\/Content\/ArticleLanding\/2026\/AN\/D6AN00215C'>HDX-MS Epitope Characterization for Evaluating Antibody Suitability for ELISA-based In Vitro Potency Testing of Vaccines<\/a><\/div><time datetime=\"2026-04-19T23:00:00-05:00\" class=\"wp-block-rss__item-publish-date\">April 19, 2026<\/time> <span class=\"wp-block-rss__item-author\">by Alex  Listigovers<\/span><div class=\"wp-block-rss__item-excerpt\">Analyst, 2026, Accepted ManuscriptDOI: 10.1039\/D6AN00215C, PaperAlex Listigovers, Liwei He, Lidice Bernardo Reyes, Camille Houy, Luciano Ettore, Nelson Eng, Jason Szeto, Romain Pizzato, Derek Wilson, Andrew D James, Shaolong ZhuMany current vaccine potency test methods relying on animal testing methods are [&hellip;]<\/div><\/li><li class='wp-block-rss__item'><div class='wp-block-rss__item-title'><a href='http:\/\/pubs.rsc.org\/en\/Content\/ArticleLanding\/2026\/AN\/D6AN00088F'>A Metaproteomic Platform for Integrated Host-Pathogen-Microbiota Profiling in Zebrafish Larvae<\/a><\/div><time datetime=\"2026-04-19T23:00:00-05:00\" class=\"wp-block-rss__item-publish-date\">April 19, 2026<\/time> <span class=\"wp-block-rss__item-author\">by Javiera Ortiz-Sever\u00edn<\/span><div class=\"wp-block-rss__item-excerpt\">Analyst, 2026, Accepted ManuscriptDOI: 10.1039\/D6AN00088F, CommunicationJaviera Ortiz-Sever\u00edn, Antonia Ramos, Ian P\u00e9rez, Miguel L Allende, Francisco P. Ch\u00e1vezUnderstanding host-pathogen-microbiota interactions requires analytical strategies capable of resolving multiple biological compartments within a single experimental framework. Here, we present a global metaproteomic workflow [&hellip;]<\/div><\/li><li class='wp-block-rss__item'><div class='wp-block-rss__item-title'><a href='http:\/\/pubs.rsc.org\/en\/Content\/ArticleLanding\/2026\/AN\/D6AN00072J'>Monte Carlo-like peaks assignment using a Time-Resolved in-situ NMR approach for complex reaction monitoring: a case study of the photodegradation of Retinyl Acetate<\/a><\/div><time datetime=\"2026-04-19T23:00:00-05:00\" class=\"wp-block-rss__item-publish-date\">April 19, 2026<\/time> <span class=\"wp-block-rss__item-author\">by Farwa  Khalid<\/span><div class=\"wp-block-rss__item-excerpt\">Analyst, 2026, Accepted ManuscriptDOI: 10.1039\/D6AN00072J, Paper Open Access &amp;nbsp This article is licensed under a Creative Commons Attribution 3.0 Unported Licence.Farwa Khalid, Chunchesh Malangi Gajendramurthy, Franz F. Westermair, Lena Miler, Ruth Maria Gschwind, Tomasz Ratajczyk, Mateusz Urba\u0144czykPhotoactive molecules are of [&hellip;]<\/div><\/li><\/ul><\/div><\/div>\n<\/div><\/div>\n\n\n\n<hr class=\"wp-block-separator has-alpha-channel-opacity is-style-wide\"\/>\n\n\n\n<h4 class=\"wp-block-heading\">Related Feeds<\/h4>\n\n\n<ul class=\"su-siblings\"><li class=\"page_item page-item-1447\"><a href=\"https:\/\/kermitmurray.com\/msblog\/links\/journal-feeds\/analytical-journal-feeds\/analytica-chimica-acta\/\">Analytica Chimica Acta<\/a><\/li>\n<li class=\"page_item page-item-1451\"><a href=\"https:\/\/kermitmurray.com\/msblog\/links\/journal-feeds\/analytical-journal-feeds\/analytical-and-bioanalytical-chemistry\/\">Analytical and Bioanalytical Chemistry<\/a><\/li>\n<li class=\"page_item page-item-1456\"><a href=\"https:\/\/kermitmurray.com\/msblog\/links\/journal-feeds\/analytical-journal-feeds\/analytical-chemistry\/\">Analytical Chemistry<\/a><\/li>\n<li class=\"page_item page-item-1458\"><a href=\"https:\/\/kermitmurray.com\/msblog\/links\/journal-feeds\/analytical-journal-feeds\/analytical-chemistry-podcast\/\">Analytical Chemistry Podcast<\/a><\/li>\n<li class=\"page_item page-item-1440\"><a href=\"https:\/\/kermitmurray.com\/msblog\/links\/journal-feeds\/analytical-journal-feeds\/analytical-methods-feed\/\">Analytical Methods<\/a><\/li>\n<li class=\"page_item page-item-1494\"><a href=\"https:\/\/kermitmurray.com\/msblog\/links\/journal-feeds\/analytical-journal-feeds\/electrophoresis\/\">Electrophoresis<\/a><\/li>\n<li class=\"page_item page-item-2836\"><a href=\"https:\/\/kermitmurray.com\/msblog\/links\/journal-feeds\/analytical-journal-feeds\/forensic-science-international\/\">Forensic Science International<\/a><\/li>\n<li class=\"page_item page-item-2112\"><a href=\"https:\/\/kermitmurray.com\/msblog\/links\/journal-feeds\/analytical-journal-feeds\/journal-of-separation-science\/\">Journal of Separation Science<\/a><\/li>\n<\/ul>\n","protected":false},"excerpt":{"rendered":"<p>Related Feeds<\/p>\n","protected":false},"author":1,"featured_media":2653,"parent":1517,"menu_order":0,"comment_status":"closed","ping_status":"closed","template":"","meta":{"footnotes":"","_links_to":"","_links_to_target":""},"class_list":["post-1434","page","type-page","status-publish","has-post-thumbnail","hentry","entry"],"_links":{"self":[{"href":"https:\/\/kermitmurray.com\/msblog\/wp-json\/wp\/v2\/pages\/1434","targetHints":{"allow":["GET"]}}],"collection":[{"href":"https:\/\/kermitmurray.com\/msblog\/wp-json\/wp\/v2\/pages"}],"about":[{"href":"https:\/\/kermitmurray.com\/msblog\/wp-json\/wp\/v2\/types\/page"}],"author":[{"embeddable":true,"href":"https:\/\/kermitmurray.com\/msblog\/wp-json\/wp\/v2\/users\/1"}],"replies":[{"embeddable":true,"href":"https:\/\/kermitmurray.com\/msblog\/wp-json\/wp\/v2\/comments?post=1434"}],"version-history":[{"count":13,"href":"https:\/\/kermitmurray.com\/msblog\/wp-json\/wp\/v2\/pages\/1434\/revisions"}],"predecessor-version":[{"id":2723,"href":"https:\/\/kermitmurray.com\/msblog\/wp-json\/wp\/v2\/pages\/1434\/revisions\/2723"}],"up":[{"embeddable":true,"href":"https:\/\/kermitmurray.com\/msblog\/wp-json\/wp\/v2\/pages\/1517"}],"wp:featuredmedia":[{"embeddable":true,"href":"https:\/\/kermitmurray.com\/msblog\/wp-json\/wp\/v2\/media\/2653"}],"wp:attachment":[{"href":"https:\/\/kermitmurray.com\/msblog\/wp-json\/wp\/v2\/media?parent=1434"}],"curies":[{"name":"wp","href":"https:\/\/api.w.org\/{rel}","templated":true}]}}